{"id":3206,"date":"2021-11-07T09:30:49","date_gmt":"2021-11-07T09:30:49","guid":{"rendered":"https:\/\/synergieexperts.com\/en\/?page_id=3206"},"modified":"2026-02-10T17:17:46","modified_gmt":"2026-02-10T17:17:46","slug":"book-keeping","status":"publish","type":"page","link":"https:\/\/synergieexperts.com\/en\/book-keeping\/","title":{"rendered":"book-keeping"},"content":{"rendered":"\t\t<div data-elementor-type=\"wp-page\" data-elementor-id=\"3206\" class=\"elementor elementor-3206\">\n\t\t\t\t\t\t\t\t\t<section class=\"elementor-section elementor-top-section elementor-element elementor-element-64e50f6 elementor-section-boxed elementor-section-height-default elementor-section-height-default\" data-id=\"64e50f6\" data-element_type=\"section\">\n\t\t\t\t\t\t<div class=\"elementor-container elementor-column-gap-default\">\n\t\t\t\t\t<div class=\"elementor-column elementor-col-50 elementor-top-column elementor-element elementor-element-f4a0d07\" data-id=\"f4a0d07\" data-element_type=\"column\">\n\t\t\t<div class=\"elementor-widget-wrap\">\n\t\t\t\t\t\t\t\t\t<\/div>\n\t\t<\/div>\n\t\t\t\t<div class=\"elementor-column elementor-col-50 elementor-top-column elementor-element elementor-element-09dc0dc\" data-id=\"09dc0dc\" data-element_type=\"column\">\n\t\t\t<div class=\"elementor-widget-wrap elementor-element-populated\">\n\t\t\t\t\t\t\t\t<section class=\"elementor-section elementor-inner-section elementor-element elementor-element-ce9f2ec elementor-section-boxed elementor-section-height-default elementor-section-height-default\" data-id=\"ce9f2ec\" data-element_type=\"section\">\n\t\t\t\t\t\t<div class=\"elementor-container elementor-column-gap-default\">\n\t\t\t\t\t<div class=\"elementor-column elementor-col-100 elementor-inner-column elementor-element elementor-element-d1d6d57\" data-id=\"d1d6d57\" data-element_type=\"column\">\n\t\t\t<div class=\"elementor-widget-wrap elementor-element-populated\">\n\t\t\t\t\t\t\t\t<div class=\"elementor-element elementor-element-18d7315 elementor-widget elementor-widget-heading\" data-id=\"18d7315\" data-element_type=\"widget\" data-widget_type=\"heading.default\">\n\t\t\t\t<div class=\"elementor-widget-container\">\n\t\t\t<style>\/*! elementor - v3.6.5 - 27-04-2022 *\/\n.elementor-heading-title{padding:0;margin:0;line-height:1}.elementor-widget-heading .elementor-heading-title[class*=elementor-size-]>a{color:inherit;font-size:inherit;line-height:inherit}.elementor-widget-heading .elementor-heading-title.elementor-size-small{font-size:15px}.elementor-widget-heading .elementor-heading-title.elementor-size-medium{font-size:19px}.elementor-widget-heading .elementor-heading-title.elementor-size-large{font-size:29px}.elementor-widget-heading .elementor-heading-title.elementor-size-xl{font-size:39px}.elementor-widget-heading .elementor-heading-title.elementor-size-xxl{font-size:59px}<\/style><h1 class=\"elementor-heading-title elementor-size-default\">Accounting, tax, social and legal management in Casablanca, Morocco<\/h1>\t\t<\/div>\n\t\t\t\t<\/div>\n\t\t\t\t\t<\/div>\n\t\t<\/div>\n\t\t\t\t\t\t\t<\/div>\n\t\t<\/section>\n\t\t\t\t\t<\/div>\n\t\t<\/div>\n\t\t\t\t\t\t\t<\/div>\n\t\t<\/section>\n\t\t\t\t<section class=\"elementor-section elementor-top-section elementor-element elementor-element-97d105a elementor-section-boxed elementor-section-height-default elementor-section-height-default\" data-id=\"97d105a\" data-element_type=\"section\">\n\t\t\t\t\t\t<div class=\"elementor-container elementor-column-gap-default\">\n\t\t\t\t\t<div class=\"elementor-column elementor-col-50 elementor-top-column elementor-element elementor-element-543e3ae\" data-id=\"543e3ae\" data-element_type=\"column\">\n\t\t\t<div class=\"elementor-widget-wrap elementor-element-populated\">\n\t\t\t\t\t\t\t\t<div class=\"elementor-element elementor-element-f03b3a4 elementor-widget elementor-widget-heading\" data-id=\"f03b3a4\" data-element_type=\"widget\" data-widget_type=\"heading.default\">\n\t\t\t\t<div class=\"elementor-widget-container\">\n\t\t\t<h3 class=\"elementor-heading-title elementor-size-default\">OUR SERVICES<\/h3>\t\t<\/div>\n\t\t\t\t<\/div>\n\t\t\t\t<div class=\"elementor-element elementor-element-37d8578 elementor-widget__width-initial elementor-widget-tablet__width-inherit elementor-icon-list--layout-traditional elementor-list-item-link-full_width elementor-widget elementor-widget-icon-list\" data-id=\"37d8578\" data-element_type=\"widget\" data-widget_type=\"icon-list.default\">\n\t\t\t\t<div class=\"elementor-widget-container\">\n\t\t\t<link rel=\"stylesheet\" href=\"https:\/\/synergieexperts.com\/en\/wp-content\/plugins\/elementor\/assets\/css\/widget-icon-list.min.css\">\t\t<ul class=\"elementor-icon-list-items\">\n\t\t\t\t\t\t\t<li class=\"elementor-icon-list-item\">\n\t\t\t\t\t\t\t\t\t\t\t<a href=\"https:\/\/synergieexperts.com\/en\/accounting-casablanca\/\">\n\n\t\t\t\t\t\t\t\t\t\t\t<span class=\"elementor-icon-list-text\">Accounting<\/span>\n\t\t\t\t\t\t\t\t\t\t\t<\/a>\n\t\t\t\t\t\t\t\t\t<\/li>\n\t\t\t\t\t\t<\/ul>\n\t\t\t\t<\/div>\n\t\t\t\t<\/div>\n\t\t\t\t<div class=\"elementor-element elementor-element-a912806 elementor-widget__width-initial elementor-widget-tablet__width-inherit elementor-icon-list--layout-traditional elementor-list-item-link-full_width elementor-widget elementor-widget-icon-list\" data-id=\"a912806\" data-element_type=\"widget\" data-widget_type=\"icon-list.default\">\n\t\t\t\t<div class=\"elementor-widget-container\">\n\t\t\t\t\t<ul class=\"elementor-icon-list-items\">\n\t\t\t\t\t\t\t<li class=\"elementor-icon-list-item\">\n\t\t\t\t\t\t\t\t\t\t\t<a href=\"https:\/\/synergieexperts.com\/en\/company-set-up-Casablanca\/\">\n\n\t\t\t\t\t\t\t\t\t\t\t<span class=\"elementor-icon-list-text\">Company set up<\/span>\n\t\t\t\t\t\t\t\t\t\t\t<\/a>\n\t\t\t\t\t\t\t\t\t<\/li>\n\t\t\t\t\t\t<\/ul>\n\t\t\t\t<\/div>\n\t\t\t\t<\/div>\n\t\t\t\t<div class=\"elementor-element elementor-element-e88e4d4 elementor-widget__width-initial elementor-widget-tablet__width-inherit elementor-icon-list--layout-traditional elementor-list-item-link-full_width elementor-widget elementor-widget-icon-list\" data-id=\"e88e4d4\" data-element_type=\"widget\" data-widget_type=\"icon-list.default\">\n\t\t\t\t<div class=\"elementor-widget-container\">\n\t\t\t\t\t<ul class=\"elementor-icon-list-items\">\n\t\t\t\t\t\t\t<li class=\"elementor-icon-list-item\">\n\t\t\t\t\t\t\t\t\t\t\t<a href=\"https:\/\/synergieexperts.com\/en\/statutory-change\">\n\n\t\t\t\t\t\t\t\t\t\t\t<span class=\"elementor-icon-list-text\">Statutory change<\/span>\n\t\t\t\t\t\t\t\t\t\t\t<\/a>\n\t\t\t\t\t\t\t\t\t<\/li>\n\t\t\t\t\t\t<\/ul>\n\t\t\t\t<\/div>\n\t\t\t\t<\/div>\n\t\t\t\t<div class=\"elementor-element elementor-element-2ad4b65 elementor-widget__width-initial elementor-widget-tablet__width-inherit elementor-icon-list--layout-traditional elementor-list-item-link-full_width elementor-widget elementor-widget-icon-list\" data-id=\"2ad4b65\" data-element_type=\"widget\" data-widget_type=\"icon-list.default\">\n\t\t\t\t<div class=\"elementor-widget-container\">\n\t\t\t\t\t<ul class=\"elementor-icon-list-items\">\n\t\t\t\t\t\t\t<li class=\"elementor-icon-list-item\">\n\t\t\t\t\t\t\t\t\t\t\t<a href=\"https:\/\/synergieexperts.com\/en\/external-auditor-casablanca\/\">\n\n\t\t\t\t\t\t\t\t\t\t\t<span class=\"elementor-icon-list-text\">External auditor<\/span>\n\t\t\t\t\t\t\t\t\t\t\t<\/a>\n\t\t\t\t\t\t\t\t\t<\/li>\n\t\t\t\t\t\t<\/ul>\n\t\t\t\t<\/div>\n\t\t\t\t<\/div>\n\t\t\t\t<div class=\"elementor-element elementor-element-dd8c0fd elementor-widget__width-initial elementor-widget-tablet__width-inherit elementor-icon-list--layout-traditional elementor-list-item-link-full_width elementor-widget elementor-widget-icon-list\" data-id=\"dd8c0fd\" data-element_type=\"widget\" data-widget_type=\"icon-list.default\">\n\t\t\t\t<div class=\"elementor-widget-container\">\n\t\t\t\t\t<ul class=\"elementor-icon-list-items\">\n\t\t\t\t\t\t\t<li class=\"elementor-icon-list-item\">\n\t\t\t\t\t\t\t\t\t\t\t<a href=\"https:\/\/synergieexperts.com\/en\/transactions-evaluation\/\">\n\n\t\t\t\t\t\t\t\t\t\t\t<span class=\"elementor-icon-list-text\">Transactions \/ \u00e9valuation<\/span>\n\t\t\t\t\t\t\t\t\t\t\t<\/a>\n\t\t\t\t\t\t\t\t\t<\/li>\n\t\t\t\t\t\t<\/ul>\n\t\t\t\t<\/div>\n\t\t\t\t<\/div>\n\t\t\t\t<div class=\"elementor-element elementor-element-b755797 elementor-widget__width-initial elementor-widget-tablet__width-inherit elementor-icon-list--layout-traditional elementor-list-item-link-full_width elementor-widget elementor-widget-icon-list\" data-id=\"b755797\" data-element_type=\"widget\" data-widget_type=\"icon-list.default\">\n\t\t\t\t<div class=\"elementor-widget-container\">\n\t\t\t\t\t<ul class=\"elementor-icon-list-items\">\n\t\t\t\t\t\t\t<li class=\"elementor-icon-list-item\">\n\t\t\t\t\t\t\t\t\t\t\t<a href=\"https:\/\/synergieexperts.com\/en\/procedures-casablanca\/\">\n\n\t\t\t\t\t\t\t\t\t\t\t<span class=\"elementor-icon-list-text\">Internal Control \/ Procedures<\/span>\n\t\t\t\t\t\t\t\t\t\t\t<\/a>\n\t\t\t\t\t\t\t\t\t<\/li>\n\t\t\t\t\t\t<\/ul>\n\t\t\t\t<\/div>\n\t\t\t\t<\/div>\n\t\t\t\t\t<\/div>\n\t\t<\/div>\n\t\t\t\t<div class=\"elementor-column elementor-col-50 elementor-top-column elementor-element elementor-element-533f552\" data-id=\"533f552\" data-element_type=\"column\">\n\t\t\t<div class=\"elementor-widget-wrap elementor-element-populated\">\n\t\t\t\t\t\t\t\t<section class=\"elementor-section elementor-inner-section elementor-element elementor-element-19464e3 elementor-section-boxed elementor-section-height-default elementor-section-height-default\" data-id=\"19464e3\" data-element_type=\"section\">\n\t\t\t\t\t\t<div class=\"elementor-container elementor-column-gap-default\">\n\t\t\t\t\t<div class=\"elementor-column elementor-col-100 elementor-inner-column elementor-element elementor-element-b5e797f\" data-id=\"b5e797f\" data-element_type=\"column\">\n\t\t\t<div class=\"elementor-widget-wrap elementor-element-populated\">\n\t\t\t\t\t\t\t\t<div class=\"elementor-element elementor-element-821bda3 elementor-widget elementor-widget-heading\" data-id=\"821bda3\" data-element_type=\"widget\" data-widget_type=\"heading.default\">\n\t\t\t\t<div class=\"elementor-widget-container\">\n\t\t\t<p class=\"elementor-heading-title elementor-size-default\">As a chartered accountant firm in Casablanca, Morocco, SYNERGIE EXPERTS carries out the following classic missions:<\/p>\t\t<\/div>\n\t\t\t\t<\/div>\n\t\t\t\t<div class=\"elementor-element elementor-element-10889ce elementor-widget elementor-widget-text-editor\" data-id=\"10889ce\" data-element_type=\"widget\" data-widget_type=\"text-editor.default\">\n\t\t\t\t<div class=\"elementor-widget-container\">\n\t\t\t<style>\/*! elementor - v3.6.5 - 27-04-2022 *\/\n.elementor-widget-text-editor.elementor-drop-cap-view-stacked .elementor-drop-cap{background-color:#818a91;color:#fff}.elementor-widget-text-editor.elementor-drop-cap-view-framed .elementor-drop-cap{color:#818a91;border:3px solid;background-color:transparent}.elementor-widget-text-editor:not(.elementor-drop-cap-view-default) .elementor-drop-cap{margin-top:8px}.elementor-widget-text-editor:not(.elementor-drop-cap-view-default) .elementor-drop-cap-letter{width:1em;height:1em}.elementor-widget-text-editor .elementor-drop-cap{float:left;text-align:center;line-height:1;font-size:50px}.elementor-widget-text-editor .elementor-drop-cap-letter{display:inline-block}<\/style>\t\t\t\t<ul style=\"font-weight: 400;\"><li>Keeping accounts in compliance with Moroccan accounting standards and regulations<\/li><li>The establishment of the balance sheet at the end of the financial year and intermediate situations if necessary<\/li><li>The establishment of all the tax declarations that are required for companies<\/li><li>Establishment of payslips and corresponding social and tax declarations<\/li><li>Assistance in holding the annual meeting at the end of the financial year (minutes of meeting, management report, etc.)<\/li><li>Accounting, tax, social and legal advice to help the company optimize its situation and comply with the obligations arising from all the aspects mentioned.<\/li><\/ul>\t\t\t\t\t\t<\/div>\n\t\t\t\t<\/div>\n\t\t\t\t<div class=\"elementor-element elementor-element-e71ae29 elementor-widget elementor-widget-text-editor\" data-id=\"e71ae29\" data-element_type=\"widget\" data-widget_type=\"text-editor.default\">\n\t\t\t\t<div class=\"elementor-widget-container\">\n\t\t\t\t\t\t\t<p style=\"font-weight: 400;\">This is the classic mission of the accountant in Morocco. As an accountant in Casablanca, the firm is not confined to the city of Casablanca.<\/p><p style=\"font-weight: 400;\">We carry out missions throughout Morocco and in particular several accounting <a href=\"https:\/\/synergieexperts.com\/en\/comptabilite-mohammedia\">missions in Mohammedia<\/a>. Mohammedia being a small coastal town with several developed industrial zones. We provide several accounting services in Mohammedia for foreign clients wishing a more pleasant environment than in Casablanca and cheaper installation rates.<\/p>\t\t\t\t\t\t<\/div>\n\t\t\t\t<\/div>\n\t\t\t\t\t<\/div>\n\t\t<\/div>\n\t\t\t\t\t\t\t<\/div>\n\t\t<\/section>\n\t\t\t\t\t<\/div>\n\t\t<\/div>\n\t\t\t\t\t\t\t<\/div>\n\t\t<\/section>\n\t\t\t\t\t\t\t<\/div>\n\t\t","protected":false},"excerpt":{"rendered":"<p>Accounting, tax, social and legal management in Casablanca, Morocco OUR SERVICES Accounting Company set up Statutory change External auditor Transactions \/ \u00e9valuation Internal Control \/ Procedures As a chartered accountant firm in Casablanca, Morocco, SYNERGIE EXPERTS carries out the following classic missions: Keeping accounts in compliance with Moroccan accounting standards and [&hellip;]<\/p>\n","protected":false},"author":1,"featured_media":0,"parent":0,"menu_order":0,"comment_status":"closed","ping_status":"closed","template":"elementor_header_footer","meta":{"footnotes":""},"class_list":["post-3206","page","type-page","status-publish","hentry"],"yoast_head":"<!-- This site is optimized with the Yoast SEO plugin v20.4 - https:\/\/yoast.com\/wordpress\/plugins\/seo\/ -->\n<title>Cabinet d&#039;expert comptable Casablanca au Maroc | Synergieexperts.com<\/title>\n<meta name=\"description\" content=\"Cabinet d&#039;expert comptable \u00e0 Casablanca au Maroc, compos\u00e9 d&#039;Experts dans chacune des principales mati\u00e8res du secteur : fiscalit\u00e9, comptabilit\u00e9, sociale\u2026\" \/>\n<meta name=\"robots\" content=\"index, follow, max-snippet:-1, max-image-preview:large, max-video-preview:-1\" \/>\n<link rel=\"canonical\" href=\"https:\/\/synergieexperts.com\/en\/book-keeping\/\" \/>\n<meta property=\"og:locale\" content=\"en_GB\" \/>\n<meta property=\"og:type\" content=\"article\" \/>\n<meta property=\"og:title\" content=\"Cabinet d&#039;expert comptable Casablanca au Maroc | Synergieexperts.com\" \/>\n<meta property=\"og:description\" content=\"Cabinet d&#039;expert comptable \u00e0 Casablanca au Maroc, compos\u00e9 d&#039;Experts dans chacune des principales mati\u00e8res du secteur : fiscalit\u00e9, comptabilit\u00e9, sociale\u2026\" \/>\n<meta property=\"og:url\" content=\"https:\/\/synergieexperts.com\/en\/book-keeping\/\" \/>\n<meta property=\"og:site_name\" content=\"Synergie\" \/>\n<meta property=\"article:modified_time\" content=\"2026-02-10T17:17:46+00:00\" \/>\n<meta name=\"twitter:card\" content=\"summary_large_image\" \/>\n<meta name=\"twitter:label1\" content=\"Estimated reading time\" \/>\n\t<meta name=\"twitter:data1\" content=\"2 minutes\" \/>\n<script type=\"application\/ld+json\" class=\"yoast-schema-graph\">{\"@context\":\"https:\/\/schema.org\",\"@graph\":[{\"@type\":\"WebPage\",\"@id\":\"https:\/\/synergieexperts.com\/en\/book-keeping\/\",\"url\":\"https:\/\/synergieexperts.com\/en\/book-keeping\/\",\"name\":\"Cabinet d'expert comptable Casablanca au Maroc | Synergieexperts.com\",\"isPartOf\":{\"@id\":\"https:\/\/synergieexperts.com\/en\/#website\"},\"datePublished\":\"2021-11-07T09:30:49+00:00\",\"dateModified\":\"2026-02-10T17:17:46+00:00\",\"description\":\"Cabinet d'expert comptable \u00e0 Casablanca au Maroc, compos\u00e9 d'Experts dans chacune des principales mati\u00e8res du secteur : fiscalit\u00e9, comptabilit\u00e9, sociale\u2026\",\"breadcrumb\":{\"@id\":\"https:\/\/synergieexperts.com\/en\/book-keeping\/#breadcrumb\"},\"inLanguage\":\"en-GB\",\"potentialAction\":[{\"@type\":\"ReadAction\",\"target\":[\"https:\/\/synergieexperts.com\/en\/book-keeping\/\"]}]},{\"@type\":\"BreadcrumbList\",\"@id\":\"https:\/\/synergieexperts.com\/en\/book-keeping\/#breadcrumb\",\"itemListElement\":[{\"@type\":\"ListItem\",\"position\":1,\"name\":\"Accueil\",\"item\":\"https:\/\/synergieexperts.com\/en\/\"},{\"@type\":\"ListItem\",\"position\":2,\"name\":\"book-keeping\"}]},{\"@type\":\"WebSite\",\"@id\":\"https:\/\/synergieexperts.com\/en\/#website\",\"url\":\"https:\/\/synergieexperts.com\/en\/\",\"name\":\"Synergie\",\"description\":\"Synergie expert\",\"potentialAction\":[{\"@type\":\"SearchAction\",\"target\":{\"@type\":\"EntryPoint\",\"urlTemplate\":\"https:\/\/synergieexperts.com\/en\/?s={search_term_string}\"},\"query-input\":\"required name=search_term_string\"}],\"inLanguage\":\"en-GB\"}]}<\/script>\n<!-- \/ Yoast SEO plugin. -->","yoast_head_json":{"title":"Cabinet d'expert comptable Casablanca au Maroc | Synergieexperts.com","description":"Cabinet d'expert comptable \u00e0 Casablanca au Maroc, compos\u00e9 d'Experts dans chacune des principales mati\u00e8res du secteur : fiscalit\u00e9, comptabilit\u00e9, sociale\u2026","robots":{"index":"index","follow":"follow","max-snippet":"max-snippet:-1","max-image-preview":"max-image-preview:large","max-video-preview":"max-video-preview:-1"},"canonical":"https:\/\/synergieexperts.com\/en\/book-keeping\/","og_locale":"en_GB","og_type":"article","og_title":"Cabinet d'expert comptable Casablanca au Maroc | Synergieexperts.com","og_description":"Cabinet d'expert comptable \u00e0 Casablanca au Maroc, compos\u00e9 d'Experts dans chacune des principales mati\u00e8res du secteur : fiscalit\u00e9, comptabilit\u00e9, sociale\u2026","og_url":"https:\/\/synergieexperts.com\/en\/book-keeping\/","og_site_name":"Synergie","article_modified_time":"2026-02-10T17:17:46+00:00","twitter_card":"summary_large_image","twitter_misc":{"Estimated reading time":"2 minutes"},"schema":{"@context":"https:\/\/schema.org","@graph":[{"@type":"WebPage","@id":"https:\/\/synergieexperts.com\/en\/book-keeping\/","url":"https:\/\/synergieexperts.com\/en\/book-keeping\/","name":"Cabinet d'expert comptable Casablanca au Maroc | Synergieexperts.com","isPartOf":{"@id":"https:\/\/synergieexperts.com\/en\/#website"},"datePublished":"2021-11-07T09:30:49+00:00","dateModified":"2026-02-10T17:17:46+00:00","description":"Cabinet d'expert comptable \u00e0 Casablanca au Maroc, compos\u00e9 d'Experts dans chacune des principales mati\u00e8res du secteur : fiscalit\u00e9, comptabilit\u00e9, sociale\u2026","breadcrumb":{"@id":"https:\/\/synergieexperts.com\/en\/book-keeping\/#breadcrumb"},"inLanguage":"en-GB","potentialAction":[{"@type":"ReadAction","target":["https:\/\/synergieexperts.com\/en\/book-keeping\/"]}]},{"@type":"BreadcrumbList","@id":"https:\/\/synergieexperts.com\/en\/book-keeping\/#breadcrumb","itemListElement":[{"@type":"ListItem","position":1,"name":"Accueil","item":"https:\/\/synergieexperts.com\/en\/"},{"@type":"ListItem","position":2,"name":"book-keeping"}]},{"@type":"WebSite","@id":"https:\/\/synergieexperts.com\/en\/#website","url":"https:\/\/synergieexperts.com\/en\/","name":"Synergie","description":"Synergie expert","potentialAction":[{"@type":"SearchAction","target":{"@type":"EntryPoint","urlTemplate":"https:\/\/synergieexperts.com\/en\/?s={search_term_string}"},"query-input":"required name=search_term_string"}],"inLanguage":"en-GB"}]}},"_links":{"self":[{"href":"https:\/\/synergieexperts.com\/en\/wp-json\/wp\/v2\/pages\/3206","targetHints":{"allow":["GET"]}}],"collection":[{"href":"https:\/\/synergieexperts.com\/en\/wp-json\/wp\/v2\/pages"}],"about":[{"href":"https:\/\/synergieexperts.com\/en\/wp-json\/wp\/v2\/types\/page"}],"author":[{"embeddable":true,"href":"https:\/\/synergieexperts.com\/en\/wp-json\/wp\/v2\/users\/1"}],"replies":[{"embeddable":true,"href":"https:\/\/synergieexperts.com\/en\/wp-json\/wp\/v2\/comments?post=3206"}],"version-history":[{"count":8,"href":"https:\/\/synergieexperts.com\/en\/wp-json\/wp\/v2\/pages\/3206\/revisions"}],"predecessor-version":[{"id":3565,"href":"https:\/\/synergieexperts.com\/en\/wp-json\/wp\/v2\/pages\/3206\/revisions\/3565"}],"wp:attachment":[{"href":"https:\/\/synergieexperts.com\/en\/wp-json\/wp\/v2\/media?parent=3206"}],"curies":[{"name":"wp","href":"https:\/\/api.w.org\/{rel}","templated":true}]}}