{"id":2761,"date":"2021-11-09T09:30:49","date_gmt":"2021-11-09T09:30:49","guid":{"rendered":"https:\/\/synergieexperts.com\/en\/transfert-siege-social-casablanca-2\/"},"modified":"2023-11-21T10:21:05","modified_gmt":"2023-11-21T10:21:05","slug":"shares-transfer-casablanca","status":"publish","type":"page","link":"https:\/\/synergieexperts.com\/en\/shares-transfer-casablanca\/","title":{"rendered":"Cession parts sociales Casablanca"},"content":{"rendered":"\t\t<div data-elementor-type=\"wp-page\" data-elementor-id=\"2761\" class=\"elementor elementor-2761\">\n\t\t\t\t\t\t\t\t\t<section class=\"elementor-section elementor-top-section elementor-element elementor-element-4a52ef4 elementor-section-boxed elementor-section-height-default elementor-section-height-default\" data-id=\"4a52ef4\" data-element_type=\"section\">\n\t\t\t\t\t\t<div class=\"elementor-container elementor-column-gap-default\">\n\t\t\t\t\t<div class=\"elementor-column elementor-col-50 elementor-top-column elementor-element elementor-element-aa3b6e0\" data-id=\"aa3b6e0\" data-element_type=\"column\">\n\t\t\t<div class=\"elementor-widget-wrap\">\n\t\t\t\t\t\t\t\t\t<\/div>\n\t\t<\/div>\n\t\t\t\t<div class=\"elementor-column elementor-col-50 elementor-top-column elementor-element elementor-element-9ae6baf\" data-id=\"9ae6baf\" data-element_type=\"column\">\n\t\t\t<div class=\"elementor-widget-wrap elementor-element-populated\">\n\t\t\t\t\t\t\t\t<div class=\"elementor-element elementor-element-74482d0 elementor-widget elementor-widget-heading\" data-id=\"74482d0\" data-element_type=\"widget\" data-widget_type=\"heading.default\">\n\t\t\t\t<div class=\"elementor-widget-container\">\n\t\t\t<style>\/*! elementor - v3.6.5 - 27-04-2022 *\/\n.elementor-heading-title{padding:0;margin:0;line-height:1}.elementor-widget-heading .elementor-heading-title[class*=elementor-size-]>a{color:inherit;font-size:inherit;line-height:inherit}.elementor-widget-heading .elementor-heading-title.elementor-size-small{font-size:15px}.elementor-widget-heading .elementor-heading-title.elementor-size-medium{font-size:19px}.elementor-widget-heading .elementor-heading-title.elementor-size-large{font-size:29px}.elementor-widget-heading .elementor-heading-title.elementor-size-xl{font-size:39px}.elementor-widget-heading .elementor-heading-title.elementor-size-xxl{font-size:59px}<\/style><h1 class=\"elementor-heading-title elementor-size-default\">Shares transfer Casablanca<\/h1>\t\t<\/div>\n\t\t\t\t<\/div>\n\t\t\t\t\t<\/div>\n\t\t<\/div>\n\t\t\t\t\t\t\t<\/div>\n\t\t<\/section>\n\t\t\t\t<section class=\"elementor-section elementor-top-section elementor-element elementor-element-3dbb83c elementor-section-boxed elementor-section-height-default elementor-section-height-default\" data-id=\"3dbb83c\" data-element_type=\"section\">\n\t\t\t\t\t\t<div class=\"elementor-container elementor-column-gap-default\">\n\t\t\t\t\t<div class=\"elementor-column elementor-col-50 elementor-top-column elementor-element elementor-element-2f035d1\" data-id=\"2f035d1\" data-element_type=\"column\">\n\t\t\t<div class=\"elementor-widget-wrap elementor-element-populated\">\n\t\t\t\t\t\t\t\t<div class=\"elementor-element elementor-element-1891e70 elementor-widget elementor-widget-heading\" data-id=\"1891e70\" data-element_type=\"widget\" data-widget_type=\"heading.default\">\n\t\t\t\t<div class=\"elementor-widget-container\">\n\t\t\t<h3 class=\"elementor-heading-title elementor-size-default\">OUR SERVICES<\/h3>\t\t<\/div>\n\t\t\t\t<\/div>\n\t\t\t\t<div class=\"elementor-element elementor-element-eb6aaa5 elementor-widget__width-initial elementor-widget-tablet__width-inherit elementor-icon-list--layout-traditional elementor-list-item-link-full_width elementor-widget elementor-widget-icon-list\" data-id=\"eb6aaa5\" data-element_type=\"widget\" data-widget_type=\"icon-list.default\">\n\t\t\t\t<div class=\"elementor-widget-container\">\n\t\t\t<link rel=\"stylesheet\" href=\"https:\/\/synergieexperts.com\/en\/wp-content\/plugins\/elementor\/assets\/css\/widget-icon-list.min.css\">\t\t<ul class=\"elementor-icon-list-items\">\n\t\t\t\t\t\t\t<li class=\"elementor-icon-list-item\">\n\t\t\t\t\t\t\t\t\t\t\t<a href=\"https:\/\/synergieexperts.com\/en\/accounting-casablanca\/\">\n\n\t\t\t\t\t\t\t\t\t\t\t<span class=\"elementor-icon-list-text\">Accounting<\/span>\n\t\t\t\t\t\t\t\t\t\t\t<\/a>\n\t\t\t\t\t\t\t\t\t<\/li>\n\t\t\t\t\t\t<\/ul>\n\t\t\t\t<\/div>\n\t\t\t\t<\/div>\n\t\t\t\t<div class=\"elementor-element elementor-element-3affbd8 elementor-widget__width-initial elementor-widget-tablet__width-inherit elementor-icon-list--layout-traditional elementor-list-item-link-full_width elementor-widget elementor-widget-icon-list\" data-id=\"3affbd8\" data-element_type=\"widget\" data-widget_type=\"icon-list.default\">\n\t\t\t\t<div class=\"elementor-widget-container\">\n\t\t\t\t\t<ul class=\"elementor-icon-list-items\">\n\t\t\t\t\t\t\t<li class=\"elementor-icon-list-item\">\n\t\t\t\t\t\t\t\t\t\t\t<a href=\"https:\/\/synergieexperts.com\/en\/company-set-up-Casablanca\/\">\n\n\t\t\t\t\t\t\t\t\t\t\t<span class=\"elementor-icon-list-text\">Company set up<\/span>\n\t\t\t\t\t\t\t\t\t\t\t<\/a>\n\t\t\t\t\t\t\t\t\t<\/li>\n\t\t\t\t\t\t<\/ul>\n\t\t\t\t<\/div>\n\t\t\t\t<\/div>\n\t\t\t\t<div class=\"elementor-element elementor-element-00db39b elementor-widget__width-initial elementor-widget-tablet__width-inherit elementor-icon-list--layout-traditional elementor-list-item-link-full_width elementor-widget elementor-widget-icon-list\" data-id=\"00db39b\" data-element_type=\"widget\" data-widget_type=\"icon-list.default\">\n\t\t\t\t<div class=\"elementor-widget-container\">\n\t\t\t\t\t<ul class=\"elementor-icon-list-items\">\n\t\t\t\t\t\t\t<li class=\"elementor-icon-list-item\">\n\t\t\t\t\t\t\t\t\t\t\t<a href=\"https:\/\/synergieexperts.com\/en\/statutory-change\">\n\n\t\t\t\t\t\t\t\t\t\t\t<span class=\"elementor-icon-list-text\">Statutory change<\/span>\n\t\t\t\t\t\t\t\t\t\t\t<\/a>\n\t\t\t\t\t\t\t\t\t<\/li>\n\t\t\t\t\t\t<\/ul>\n\t\t\t\t<\/div>\n\t\t\t\t<\/div>\n\t\t\t\t<div class=\"elementor-element elementor-element-62e1618 elementor-widget__width-initial elementor-widget-tablet__width-inherit elementor-icon-list--layout-traditional elementor-list-item-link-full_width elementor-widget elementor-widget-icon-list\" data-id=\"62e1618\" data-element_type=\"widget\" data-widget_type=\"icon-list.default\">\n\t\t\t\t<div class=\"elementor-widget-container\">\n\t\t\t\t\t<ul class=\"elementor-icon-list-items\">\n\t\t\t\t\t\t\t<li class=\"elementor-icon-list-item\">\n\t\t\t\t\t\t\t\t\t\t\t<a href=\"https:\/\/synergieexperts.com\/en\/external-auditor-casablanca\/\">\n\n\t\t\t\t\t\t\t\t\t\t\t<span class=\"elementor-icon-list-text\">External auditor<\/span>\n\t\t\t\t\t\t\t\t\t\t\t<\/a>\n\t\t\t\t\t\t\t\t\t<\/li>\n\t\t\t\t\t\t<\/ul>\n\t\t\t\t<\/div>\n\t\t\t\t<\/div>\n\t\t\t\t<div class=\"elementor-element elementor-element-fe5cb6d elementor-widget__width-initial elementor-widget-tablet__width-inherit elementor-icon-list--layout-traditional elementor-list-item-link-full_width elementor-widget elementor-widget-icon-list\" data-id=\"fe5cb6d\" data-element_type=\"widget\" data-widget_type=\"icon-list.default\">\n\t\t\t\t<div class=\"elementor-widget-container\">\n\t\t\t\t\t<ul class=\"elementor-icon-list-items\">\n\t\t\t\t\t\t\t<li class=\"elementor-icon-list-item\">\n\t\t\t\t\t\t\t\t\t\t\t<a href=\"https:\/\/synergieexperts.com\/en\/transactions-evaluation\/\">\n\n\t\t\t\t\t\t\t\t\t\t\t<span class=\"elementor-icon-list-text\">Transactions \/ \u00e9valuation<\/span>\n\t\t\t\t\t\t\t\t\t\t\t<\/a>\n\t\t\t\t\t\t\t\t\t<\/li>\n\t\t\t\t\t\t<\/ul>\n\t\t\t\t<\/div>\n\t\t\t\t<\/div>\n\t\t\t\t<div class=\"elementor-element elementor-element-4980e5f elementor-widget__width-initial elementor-widget-tablet__width-inherit elementor-icon-list--layout-traditional elementor-list-item-link-full_width elementor-widget elementor-widget-icon-list\" data-id=\"4980e5f\" data-element_type=\"widget\" data-widget_type=\"icon-list.default\">\n\t\t\t\t<div class=\"elementor-widget-container\">\n\t\t\t\t\t<ul class=\"elementor-icon-list-items\">\n\t\t\t\t\t\t\t<li class=\"elementor-icon-list-item\">\n\t\t\t\t\t\t\t\t\t\t\t<a href=\"https:\/\/synergieexperts.com\/en\/procedures-casablanca\/\">\n\n\t\t\t\t\t\t\t\t\t\t\t<span class=\"elementor-icon-list-text\">Contr\u00f4le interne \/ Proc\u00e9dures<\/span>\n\t\t\t\t\t\t\t\t\t\t\t<\/a>\n\t\t\t\t\t\t\t\t\t<\/li>\n\t\t\t\t\t\t<\/ul>\n\t\t\t\t<\/div>\n\t\t\t\t<\/div>\n\t\t\t\t\t<\/div>\n\t\t<\/div>\n\t\t\t\t<div class=\"elementor-column elementor-col-50 elementor-top-column elementor-element elementor-element-fcf4cf1\" data-id=\"fcf4cf1\" data-element_type=\"column\">\n\t\t\t<div class=\"elementor-widget-wrap elementor-element-populated\">\n\t\t\t\t\t\t\t\t<section class=\"elementor-section elementor-inner-section elementor-element elementor-element-16b074d elementor-section-boxed elementor-section-height-default elementor-section-height-default\" data-id=\"16b074d\" data-element_type=\"section\">\n\t\t\t\t\t\t<div class=\"elementor-container elementor-column-gap-default\">\n\t\t\t\t\t<div class=\"elementor-column elementor-col-100 elementor-inner-column elementor-element elementor-element-2436699\" data-id=\"2436699\" data-element_type=\"column\">\n\t\t\t<div class=\"elementor-widget-wrap elementor-element-populated\">\n\t\t\t\t\t\t\t\t<div class=\"elementor-element elementor-element-5020504 elementor-widget elementor-widget-heading\" data-id=\"5020504\" data-element_type=\"widget\" data-widget_type=\"heading.default\">\n\t\t\t\t<div class=\"elementor-widget-container\">\n\t\t\t<p class=\"elementor-heading-title elementor-size-default\">Limited liability companies in Morocco have share capital distributed among the partners according to their contribution to the company.<\/p>\t\t<\/div>\n\t\t\t\t<\/div>\n\t\t\t\t<div class=\"elementor-element elementor-element-4e030ab elementor-widget elementor-widget-heading\" data-id=\"4e030ab\" data-element_type=\"widget\" data-widget_type=\"heading.default\">\n\t\t\t\t<div class=\"elementor-widget-container\">\n\t\t\t<p class=\"elementor-heading-title elementor-size-default\">In the context of the life of a company, a transfer of shares may be necessary in certain situations:<\/p>\t\t<\/div>\n\t\t\t\t<\/div>\n\t\t\t\t<div class=\"elementor-element elementor-element-70ea99e elementor-widget elementor-widget-text-editor\" data-id=\"70ea99e\" data-element_type=\"widget\" data-widget_type=\"text-editor.default\">\n\t\t\t\t<div class=\"elementor-widget-container\">\n\t\t\t<style>\/*! elementor - v3.6.5 - 27-04-2022 *\/\n.elementor-widget-text-editor.elementor-drop-cap-view-stacked .elementor-drop-cap{background-color:#818a91;color:#fff}.elementor-widget-text-editor.elementor-drop-cap-view-framed .elementor-drop-cap{color:#818a91;border:3px solid;background-color:transparent}.elementor-widget-text-editor:not(.elementor-drop-cap-view-default) .elementor-drop-cap{margin-top:8px}.elementor-widget-text-editor:not(.elementor-drop-cap-view-default) .elementor-drop-cap-letter{width:1em;height:1em}.elementor-widget-text-editor .elementor-drop-cap{float:left;text-align:center;line-height:1;font-size:50px}.elementor-widget-text-editor .elementor-drop-cap-letter{display:inline-block}<\/style>\t\t\t\t<ul><li>Wish of one of the partners to recover funds to invest in other projects<\/li><li>Disagreement between the partners requiring the departure of one of them<\/li><li>Entry of a new partner<\/li><li>\u2026\u2026.<\/li><\/ul>\t\t\t\t\t\t<\/div>\n\t\t\t\t<\/div>\n\t\t\t\t<div class=\"elementor-element elementor-element-e73021a elementor-widget elementor-widget-heading\" data-id=\"e73021a\" data-element_type=\"widget\" data-widget_type=\"heading.default\">\n\t\t\t\t<div class=\"elementor-widget-container\">\n\t\t\t<p class=\"elementor-heading-title elementor-size-default\">The transfer of shares in Casablanca, Morocco is still subject to compliance with certain legal obligations when it is carried out for the benefit of third parties:<\/p>\t\t<\/div>\n\t\t\t\t<\/div>\n\t\t\t\t<div class=\"elementor-element elementor-element-d13ce35 elementor-widget elementor-widget-text-editor\" data-id=\"d13ce35\" data-element_type=\"widget\" data-widget_type=\"text-editor.default\">\n\t\t\t\t<div class=\"elementor-widget-container\">\n\t\t\t\t\t\t\t<ul><li>The obligation to have the agreement of \u00be of the partners<\/li><li>A proposed transfer must be notified to the company and each of the partners<\/li><li>The company has 30 days to make its right to claim known. After this period, consent to the transfer is deemed acquired<\/li><li>If the company refuses to consent to the transfer, the partners are required within 30 days to acquire the shares at a price set by an expert designated by the parties and in the event of disagreement by the president of the court ruling in summary proceedings<\/li><\/ul>\t\t\t\t\t\t<\/div>\n\t\t\t\t<\/div>\n\t\t\t\t<div class=\"elementor-element elementor-element-977d99b elementor-widget elementor-widget-heading\" data-id=\"977d99b\" data-element_type=\"widget\" data-widget_type=\"heading.default\">\n\t\t\t\t<div class=\"elementor-widget-container\">\n\t\t\t<p class=\"elementor-heading-title elementor-size-default\">The transfer of shares remains free in the following cases:<\/p>\t\t<\/div>\n\t\t\t\t<\/div>\n\t\t\t\t<div class=\"elementor-element elementor-element-219adfe elementor-widget elementor-widget-text-editor\" data-id=\"219adfe\" data-element_type=\"widget\" data-widget_type=\"text-editor.default\">\n\t\t\t\t<div class=\"elementor-widget-container\">\n\t\t\t\t\t\t\t<ul><li>Transmission by inheritance<\/li><li>Transmission between spouses, parents and allies up to the 2nd degree inclusive<\/li><li>Transmission between partners<\/li><\/ul>\t\t\t\t\t\t<\/div>\n\t\t\t\t<\/div>\n\t\t\t\t<div class=\"elementor-element elementor-element-eea5342 elementor-widget elementor-widget-heading\" data-id=\"eea5342\" data-element_type=\"widget\" data-widget_type=\"heading.default\">\n\t\t\t\t<div class=\"elementor-widget-container\">\n\t\t\t<p class=\"elementor-heading-title elementor-size-default\">As an accounting firm, our firm takes care of all formalities for the transfer of shares in Casablanca.<\/p>\t\t<\/div>\n\t\t\t\t<\/div>\n\t\t\t\t<div class=\"elementor-element elementor-element-58447f5 elementor-widget elementor-widget-text-editor\" data-id=\"58447f5\" data-element_type=\"widget\" data-widget_type=\"text-editor.default\">\n\t\t\t\t<div class=\"elementor-widget-container\">\n\t\t\t\t\t\t\t<p>The corresponding formalities mainly include the following works:<\/p><ul><li>Drafting of the transfer project<\/li><li>Drafting of the manager\u2019s special report to the general meeting<\/li><li>Convocation of partners to the general meeting<\/li><li>Drafting the text of the resolutions to be presented to the meeting<\/li><li>Drafting of the minutes of the general meeting deciding on the shares transfer ratification<\/li><li>Amendment of the article of association<\/li><li>Registration of legal documents at the tax services<\/li><li>Filing of legal documents at the commercial court of Casablanca or other city<\/li><li>Withdrawal of the new commercial register certificate<\/li><li>Publication of the operation details in a legal notice newspaper<\/li><li>Publication of the operation details in the official bulletin<\/li><\/ul><p>The deadlines for completing a share transfer transaction in Casablanca are around 2 to 3 weeks from receipt of the legalized documents.<\/p>\t\t\t\t\t\t<\/div>\n\t\t\t\t<\/div>\n\t\t\t\t<div class=\"elementor-element elementor-element-09af80c elementor-hidden-desktop elementor-hidden-tablet elementor-hidden-mobile elementor-widget elementor-widget-image\" data-id=\"09af80c\" data-element_type=\"widget\" data-widget_type=\"image.default\">\n\t\t\t\t<div class=\"elementor-widget-container\">\n\t\t\t<style>\/*! elementor - v3.6.5 - 27-04-2022 *\/\n.elementor-widget-image{text-align:center}.elementor-widget-image a{display:inline-block}.elementor-widget-image a img[src$=\".svg\"]{width:48px}.elementor-widget-image img{vertical-align:middle;display:inline-block}<\/style>\t\t\t\t\t\t\t\t\t\t\t\t\t<a href=\"https:\/\/synergieexperts.com\/en\/wp-content\/uploads\/2022\/09\/yukjuk.png\" data-elementor-open-lightbox=\"yes\" data-elementor-lightbox-title=\"yukjuk\" data-elementor-lightbox-description=\"yukjuk\" e-action-hash=\"#elementor-action%3Aaction%3Dlightbox%26settings%3DeyJpZCI6MjE5MiwidXJsIjoiaHR0cHM6XC9cL3N5bmVyZ2llZXhwZXJ0cy5jb21cL2VuXC93cC1jb250ZW50XC91cGxvYWRzXC8yMDIyXC8wOVwveXVranVrLnBuZyJ9\">\n\t\t\t\t\t\t\t<img loading=\"lazy\" decoding=\"async\" width=\"1024\" height=\"347\" src=\"https:\/\/synergieexperts.com\/en\/wp-content\/uploads\/2022\/09\/yukjuk-1024x347.png\" class=\"elementor-animation-bounce-in attachment-large size-large\" alt=\"yukjuk\" srcset=\"https:\/\/synergieexperts.com\/en\/wp-content\/uploads\/2022\/09\/yukjuk-1024x347.png 1024w, https:\/\/synergieexperts.com\/en\/wp-content\/uploads\/2022\/09\/yukjuk-300x102.png 300w, https:\/\/synergieexperts.com\/en\/wp-content\/uploads\/2022\/09\/yukjuk-768x260.png 768w, https:\/\/synergieexperts.com\/en\/wp-content\/uploads\/2022\/09\/yukjuk.png 1096w\" sizes=\"auto, (max-width: 1024px) 100vw, 1024px\" \/>\t\t\t\t\t\t\t\t<\/a>\n\t\t\t\t\t\t\t\t\t\t\t\t\t\t\t<\/div>\n\t\t\t\t<\/div>\n\t\t\t\t\t<\/div>\n\t\t<\/div>\n\t\t\t\t\t\t\t<\/div>\n\t\t<\/section>\n\t\t\t\t\t<\/div>\n\t\t<\/div>\n\t\t\t\t\t\t\t<\/div>\n\t\t<\/section>\n\t\t\t\t\t\t\t<\/div>\n\t\t","protected":false},"excerpt":{"rendered":"<p>Shares transfer Casablanca OUR SERVICES Accounting Company set up Statutory change External auditor Transactions \/ \u00e9valuation Contr\u00f4le interne \/ Proc\u00e9dures Limited liability companies in Morocco have share capital distributed among the partners according to their contribution to the company. In the context of the life of a company, a transfer of [&hellip;]<\/p>\n","protected":false},"author":1,"featured_media":0,"parent":0,"menu_order":0,"comment_status":"closed","ping_status":"closed","template":"elementor_header_footer","meta":{"footnotes":""},"class_list":["post-2761","page","type-page","status-publish","hentry"],"yoast_head":"<!-- This site is optimized with the Yoast SEO plugin v20.4 - https:\/\/yoast.com\/wordpress\/plugins\/seo\/ -->\n<title>Cession parts sociales Casablanca | Synergie experts<\/title>\n<meta name=\"description\" content=\"Facilitez la cession de parts sociales \u00e0 Casablanca avec nos services sp\u00e9cialis\u00e9s. Maximisez la valeur de votre entreprise gr\u00e2ce \u00e0 des conseils experts en transactions soci\u00e9taires.\" \/>\n<meta name=\"robots\" content=\"index, follow, max-snippet:-1, max-image-preview:large, max-video-preview:-1\" \/>\n<link rel=\"canonical\" href=\"https:\/\/synergieexperts.com\/en\/shares-transfer-casablanca\/\" \/>\n<meta property=\"og:locale\" content=\"en_GB\" \/>\n<meta property=\"og:type\" content=\"article\" \/>\n<meta property=\"og:title\" content=\"Cession parts sociales Casablanca | Synergie experts\" \/>\n<meta property=\"og:description\" content=\"Facilitez la cession de parts sociales \u00e0 Casablanca avec nos services sp\u00e9cialis\u00e9s. Maximisez la valeur de votre entreprise gr\u00e2ce \u00e0 des conseils experts en transactions soci\u00e9taires.\" \/>\n<meta property=\"og:url\" content=\"https:\/\/synergieexperts.com\/en\/shares-transfer-casablanca\/\" \/>\n<meta property=\"og:site_name\" content=\"Synergie\" \/>\n<meta property=\"article:modified_time\" content=\"2023-11-21T10:21:05+00:00\" \/>\n<meta property=\"og:image\" content=\"https:\/\/synergieexperts.com\/en\/wp-content\/uploads\/2022\/09\/yukjuk-1024x347.png\" \/>\n<meta name=\"twitter:card\" content=\"summary_large_image\" \/>\n<meta name=\"twitter:label1\" content=\"Estimated reading time\" \/>\n\t<meta name=\"twitter:data1\" content=\"3 minutes\" \/>\n<script type=\"application\/ld+json\" class=\"yoast-schema-graph\">{\"@context\":\"https:\/\/schema.org\",\"@graph\":[{\"@type\":\"WebPage\",\"@id\":\"https:\/\/synergieexperts.com\/en\/shares-transfer-casablanca\/\",\"url\":\"https:\/\/synergieexperts.com\/en\/shares-transfer-casablanca\/\",\"name\":\"Cession parts sociales Casablanca | Synergie experts\",\"isPartOf\":{\"@id\":\"https:\/\/synergieexperts.com\/en\/#website\"},\"datePublished\":\"2021-11-09T09:30:49+00:00\",\"dateModified\":\"2023-11-21T10:21:05+00:00\",\"description\":\"Facilitez la cession de parts sociales \u00e0 Casablanca avec nos services sp\u00e9cialis\u00e9s. Maximisez la valeur de votre entreprise gr\u00e2ce \u00e0 des conseils experts en transactions soci\u00e9taires.\",\"breadcrumb\":{\"@id\":\"https:\/\/synergieexperts.com\/en\/shares-transfer-casablanca\/#breadcrumb\"},\"inLanguage\":\"en-GB\",\"potentialAction\":[{\"@type\":\"ReadAction\",\"target\":[\"https:\/\/synergieexperts.com\/en\/shares-transfer-casablanca\/\"]}]},{\"@type\":\"BreadcrumbList\",\"@id\":\"https:\/\/synergieexperts.com\/en\/shares-transfer-casablanca\/#breadcrumb\",\"itemListElement\":[{\"@type\":\"ListItem\",\"position\":1,\"name\":\"Accueil\",\"item\":\"https:\/\/synergieexperts.com\/en\/\"},{\"@type\":\"ListItem\",\"position\":2,\"name\":\"Cession parts sociales Casablanca\"}]},{\"@type\":\"WebSite\",\"@id\":\"https:\/\/synergieexperts.com\/en\/#website\",\"url\":\"https:\/\/synergieexperts.com\/en\/\",\"name\":\"Synergie\",\"description\":\"Synergie expert\",\"potentialAction\":[{\"@type\":\"SearchAction\",\"target\":{\"@type\":\"EntryPoint\",\"urlTemplate\":\"https:\/\/synergieexperts.com\/en\/?s={search_term_string}\"},\"query-input\":\"required name=search_term_string\"}],\"inLanguage\":\"en-GB\"}]}<\/script>\n<!-- \/ Yoast SEO plugin. -->","yoast_head_json":{"title":"Cession parts sociales Casablanca | Synergie experts","description":"Facilitez la cession de parts sociales \u00e0 Casablanca avec nos services sp\u00e9cialis\u00e9s. Maximisez la valeur de votre entreprise gr\u00e2ce \u00e0 des conseils experts en transactions soci\u00e9taires.","robots":{"index":"index","follow":"follow","max-snippet":"max-snippet:-1","max-image-preview":"max-image-preview:large","max-video-preview":"max-video-preview:-1"},"canonical":"https:\/\/synergieexperts.com\/en\/shares-transfer-casablanca\/","og_locale":"en_GB","og_type":"article","og_title":"Cession parts sociales Casablanca | Synergie experts","og_description":"Facilitez la cession de parts sociales \u00e0 Casablanca avec nos services sp\u00e9cialis\u00e9s. Maximisez la valeur de votre entreprise gr\u00e2ce \u00e0 des conseils experts en transactions soci\u00e9taires.","og_url":"https:\/\/synergieexperts.com\/en\/shares-transfer-casablanca\/","og_site_name":"Synergie","article_modified_time":"2023-11-21T10:21:05+00:00","og_image":[{"url":"https:\/\/synergieexperts.com\/en\/wp-content\/uploads\/2022\/09\/yukjuk-1024x347.png"}],"twitter_card":"summary_large_image","twitter_misc":{"Estimated reading time":"3 minutes"},"schema":{"@context":"https:\/\/schema.org","@graph":[{"@type":"WebPage","@id":"https:\/\/synergieexperts.com\/en\/shares-transfer-casablanca\/","url":"https:\/\/synergieexperts.com\/en\/shares-transfer-casablanca\/","name":"Cession parts sociales Casablanca | Synergie experts","isPartOf":{"@id":"https:\/\/synergieexperts.com\/en\/#website"},"datePublished":"2021-11-09T09:30:49+00:00","dateModified":"2023-11-21T10:21:05+00:00","description":"Facilitez la cession de parts sociales \u00e0 Casablanca avec nos services sp\u00e9cialis\u00e9s. Maximisez la valeur de votre entreprise gr\u00e2ce \u00e0 des conseils experts en transactions soci\u00e9taires.","breadcrumb":{"@id":"https:\/\/synergieexperts.com\/en\/shares-transfer-casablanca\/#breadcrumb"},"inLanguage":"en-GB","potentialAction":[{"@type":"ReadAction","target":["https:\/\/synergieexperts.com\/en\/shares-transfer-casablanca\/"]}]},{"@type":"BreadcrumbList","@id":"https:\/\/synergieexperts.com\/en\/shares-transfer-casablanca\/#breadcrumb","itemListElement":[{"@type":"ListItem","position":1,"name":"Accueil","item":"https:\/\/synergieexperts.com\/en\/"},{"@type":"ListItem","position":2,"name":"Cession parts sociales Casablanca"}]},{"@type":"WebSite","@id":"https:\/\/synergieexperts.com\/en\/#website","url":"https:\/\/synergieexperts.com\/en\/","name":"Synergie","description":"Synergie expert","potentialAction":[{"@type":"SearchAction","target":{"@type":"EntryPoint","urlTemplate":"https:\/\/synergieexperts.com\/en\/?s={search_term_string}"},"query-input":"required name=search_term_string"}],"inLanguage":"en-GB"}]}},"_links":{"self":[{"href":"https:\/\/synergieexperts.com\/en\/wp-json\/wp\/v2\/pages\/2761","targetHints":{"allow":["GET"]}}],"collection":[{"href":"https:\/\/synergieexperts.com\/en\/wp-json\/wp\/v2\/pages"}],"about":[{"href":"https:\/\/synergieexperts.com\/en\/wp-json\/wp\/v2\/types\/page"}],"author":[{"embeddable":true,"href":"https:\/\/synergieexperts.com\/en\/wp-json\/wp\/v2\/users\/1"}],"replies":[{"embeddable":true,"href":"https:\/\/synergieexperts.com\/en\/wp-json\/wp\/v2\/comments?post=2761"}],"version-history":[{"count":1,"href":"https:\/\/synergieexperts.com\/en\/wp-json\/wp\/v2\/pages\/2761\/revisions"}],"predecessor-version":[{"id":3514,"href":"https:\/\/synergieexperts.com\/en\/wp-json\/wp\/v2\/pages\/2761\/revisions\/3514"}],"wp:attachment":[{"href":"https:\/\/synergieexperts.com\/en\/wp-json\/wp\/v2\/media?parent=2761"}],"curies":[{"name":"wp","href":"https:\/\/api.w.org\/{rel}","templated":true}]}}