{"id":2131,"date":"2020-11-07T09:30:49","date_gmt":"2020-11-07T09:30:49","guid":{"rendered":"https:\/\/synergieexperts.com\/en\/modification-statutaire-2\/"},"modified":"2023-11-21T09:56:20","modified_gmt":"2023-11-21T09:56:20","slug":"transactions-evaluation-casablanca","status":"publish","type":"page","link":"https:\/\/synergieexperts.com\/en\/transactions-evaluation-casablanca\/","title":{"rendered":"TRANSACTIONS \/ EVALUATION"},"content":{"rendered":"\t\t<div data-elementor-type=\"wp-page\" data-elementor-id=\"2131\" class=\"elementor elementor-2131\">\n\t\t\t\t\t\t\t\t\t<section class=\"elementor-section elementor-top-section elementor-element elementor-element-3dd2d17 elementor-section-boxed elementor-section-height-default elementor-section-height-default\" data-id=\"3dd2d17\" data-element_type=\"section\">\n\t\t\t\t\t\t<div class=\"elementor-container elementor-column-gap-default\">\n\t\t\t\t\t<div class=\"elementor-column elementor-col-50 elementor-top-column elementor-element elementor-element-46c858b\" data-id=\"46c858b\" data-element_type=\"column\">\n\t\t\t<div class=\"elementor-widget-wrap\">\n\t\t\t\t\t\t\t\t\t<\/div>\n\t\t<\/div>\n\t\t\t\t<div class=\"elementor-column elementor-col-50 elementor-top-column elementor-element elementor-element-b24aaf9\" data-id=\"b24aaf9\" data-element_type=\"column\">\n\t\t\t<div class=\"elementor-widget-wrap elementor-element-populated\">\n\t\t\t\t\t\t\t\t<section class=\"elementor-section elementor-inner-section elementor-element elementor-element-76d0850 elementor-section-boxed elementor-section-height-default elementor-section-height-default\" data-id=\"76d0850\" data-element_type=\"section\">\n\t\t\t\t\t\t<div class=\"elementor-container elementor-column-gap-default\">\n\t\t\t\t\t<div class=\"elementor-column elementor-col-100 elementor-inner-column elementor-element elementor-element-e7cc7a4\" data-id=\"e7cc7a4\" data-element_type=\"column\">\n\t\t\t<div class=\"elementor-widget-wrap elementor-element-populated\">\n\t\t\t\t\t\t\t\t<div class=\"elementor-element elementor-element-14fd791 elementor-widget elementor-widget-heading\" data-id=\"14fd791\" data-element_type=\"widget\" data-widget_type=\"heading.default\">\n\t\t\t\t<div class=\"elementor-widget-container\">\n\t\t\t<style>\/*! elementor - v3.6.5 - 27-04-2022 *\/\n.elementor-heading-title{padding:0;margin:0;line-height:1}.elementor-widget-heading .elementor-heading-title[class*=elementor-size-]>a{color:inherit;font-size:inherit;line-height:inherit}.elementor-widget-heading .elementor-heading-title.elementor-size-small{font-size:15px}.elementor-widget-heading .elementor-heading-title.elementor-size-medium{font-size:19px}.elementor-widget-heading .elementor-heading-title.elementor-size-large{font-size:29px}.elementor-widget-heading .elementor-heading-title.elementor-size-xl{font-size:39px}.elementor-widget-heading .elementor-heading-title.elementor-size-xxl{font-size:59px}<\/style><h1 class=\"elementor-heading-title elementor-size-default\">TRANSACTIONS \/ EVALUATION<\/h1>\t\t<\/div>\n\t\t\t\t<\/div>\n\t\t\t\t\t<\/div>\n\t\t<\/div>\n\t\t\t\t\t\t\t<\/div>\n\t\t<\/section>\n\t\t\t\t\t<\/div>\n\t\t<\/div>\n\t\t\t\t\t\t\t<\/div>\n\t\t<\/section>\n\t\t\t\t<section class=\"elementor-section elementor-top-section elementor-element elementor-element-c068d34 elementor-section-boxed elementor-section-height-default elementor-section-height-default\" data-id=\"c068d34\" data-element_type=\"section\">\n\t\t\t\t\t\t<div class=\"elementor-container elementor-column-gap-default\">\n\t\t\t\t\t<div class=\"elementor-column elementor-col-50 elementor-top-column elementor-element elementor-element-32383f0\" data-id=\"32383f0\" data-element_type=\"column\">\n\t\t\t<div class=\"elementor-widget-wrap elementor-element-populated\">\n\t\t\t\t\t\t\t\t<div class=\"elementor-element elementor-element-f6acf98 elementor-widget elementor-widget-heading\" data-id=\"f6acf98\" data-element_type=\"widget\" data-widget_type=\"heading.default\">\n\t\t\t\t<div class=\"elementor-widget-container\">\n\t\t\t<h3 class=\"elementor-heading-title elementor-size-default\">OUR SERVICES<\/h3>\t\t<\/div>\n\t\t\t\t<\/div>\n\t\t\t\t<div class=\"elementor-element elementor-element-ce8e7b7 elementor-widget__width-initial elementor-widget-tablet__width-inherit elementor-icon-list--layout-traditional elementor-list-item-link-full_width elementor-widget elementor-widget-icon-list\" data-id=\"ce8e7b7\" data-element_type=\"widget\" data-widget_type=\"icon-list.default\">\n\t\t\t\t<div class=\"elementor-widget-container\">\n\t\t\t<link rel=\"stylesheet\" href=\"https:\/\/synergieexperts.com\/en\/wp-content\/plugins\/elementor\/assets\/css\/widget-icon-list.min.css\">\t\t<ul class=\"elementor-icon-list-items\">\n\t\t\t\t\t\t\t<li class=\"elementor-icon-list-item\">\n\t\t\t\t\t\t\t\t\t\t\t<a href=\"https:\/\/synergieexperts.com\/en\/accounting-casablanca\/\">\n\n\t\t\t\t\t\t\t\t\t\t\t<span class=\"elementor-icon-list-text\">Accounting<\/span>\n\t\t\t\t\t\t\t\t\t\t\t<\/a>\n\t\t\t\t\t\t\t\t\t<\/li>\n\t\t\t\t\t\t<\/ul>\n\t\t\t\t<\/div>\n\t\t\t\t<\/div>\n\t\t\t\t<div class=\"elementor-element elementor-element-c8d00fe elementor-widget__width-initial elementor-widget-tablet__width-inherit elementor-icon-list--layout-traditional elementor-list-item-link-full_width elementor-widget elementor-widget-icon-list\" data-id=\"c8d00fe\" data-element_type=\"widget\" data-widget_type=\"icon-list.default\">\n\t\t\t\t<div class=\"elementor-widget-container\">\n\t\t\t\t\t<ul class=\"elementor-icon-list-items\">\n\t\t\t\t\t\t\t<li class=\"elementor-icon-list-item\">\n\t\t\t\t\t\t\t\t\t\t\t<a href=\"https:\/\/synergieexperts.com\/en\/company-set-up-Casablanca\/\">\n\n\t\t\t\t\t\t\t\t\t\t\t<span class=\"elementor-icon-list-text\">Company set up<\/span>\n\t\t\t\t\t\t\t\t\t\t\t<\/a>\n\t\t\t\t\t\t\t\t\t<\/li>\n\t\t\t\t\t\t<\/ul>\n\t\t\t\t<\/div>\n\t\t\t\t<\/div>\n\t\t\t\t<div class=\"elementor-element elementor-element-aec885b elementor-widget__width-initial elementor-widget-tablet__width-inherit elementor-icon-list--layout-traditional elementor-list-item-link-full_width elementor-widget elementor-widget-icon-list\" data-id=\"aec885b\" data-element_type=\"widget\" data-widget_type=\"icon-list.default\">\n\t\t\t\t<div class=\"elementor-widget-container\">\n\t\t\t\t\t<ul class=\"elementor-icon-list-items\">\n\t\t\t\t\t\t\t<li class=\"elementor-icon-list-item\">\n\t\t\t\t\t\t\t\t\t\t\t<a href=\"https:\/\/synergieexperts.com\/en\/statutory-change\">\n\n\t\t\t\t\t\t\t\t\t\t\t<span class=\"elementor-icon-list-text\">Statutory change<\/span>\n\t\t\t\t\t\t\t\t\t\t\t<\/a>\n\t\t\t\t\t\t\t\t\t<\/li>\n\t\t\t\t\t\t<\/ul>\n\t\t\t\t<\/div>\n\t\t\t\t<\/div>\n\t\t\t\t<div class=\"elementor-element elementor-element-42763ee elementor-widget__width-initial elementor-widget-tablet__width-inherit elementor-icon-list--layout-traditional elementor-list-item-link-full_width elementor-widget elementor-widget-icon-list\" data-id=\"42763ee\" data-element_type=\"widget\" data-widget_type=\"icon-list.default\">\n\t\t\t\t<div class=\"elementor-widget-container\">\n\t\t\t\t\t<ul class=\"elementor-icon-list-items\">\n\t\t\t\t\t\t\t<li class=\"elementor-icon-list-item\">\n\t\t\t\t\t\t\t\t\t\t\t<a href=\"https:\/\/synergieexperts.com\/en\/external-auditor-casablanca\/\">\n\n\t\t\t\t\t\t\t\t\t\t\t<span class=\"elementor-icon-list-text\">External auditor<\/span>\n\t\t\t\t\t\t\t\t\t\t\t<\/a>\n\t\t\t\t\t\t\t\t\t<\/li>\n\t\t\t\t\t\t<\/ul>\n\t\t\t\t<\/div>\n\t\t\t\t<\/div>\n\t\t\t\t<div class=\"elementor-element elementor-element-9a59690 elementor-widget__width-initial elementor-widget-tablet__width-inherit elementor-icon-list--layout-traditional elementor-list-item-link-full_width elementor-widget elementor-widget-icon-list\" data-id=\"9a59690\" data-element_type=\"widget\" data-widget_type=\"icon-list.default\">\n\t\t\t\t<div class=\"elementor-widget-container\">\n\t\t\t\t\t<ul class=\"elementor-icon-list-items\">\n\t\t\t\t\t\t\t<li class=\"elementor-icon-list-item\">\n\t\t\t\t\t\t\t\t\t\t\t<a href=\"https:\/\/synergieexperts.com\/en\/transactions-evaluation\/\">\n\n\t\t\t\t\t\t\t\t\t\t\t<span class=\"elementor-icon-list-text\">Transactions \/ \u00e9valuation<\/span>\n\t\t\t\t\t\t\t\t\t\t\t<\/a>\n\t\t\t\t\t\t\t\t\t<\/li>\n\t\t\t\t\t\t<\/ul>\n\t\t\t\t<\/div>\n\t\t\t\t<\/div>\n\t\t\t\t<div class=\"elementor-element elementor-element-681aa8e elementor-widget__width-initial elementor-widget-tablet__width-inherit elementor-icon-list--layout-traditional elementor-list-item-link-full_width elementor-widget elementor-widget-icon-list\" data-id=\"681aa8e\" data-element_type=\"widget\" data-widget_type=\"icon-list.default\">\n\t\t\t\t<div class=\"elementor-widget-container\">\n\t\t\t\t\t<ul class=\"elementor-icon-list-items\">\n\t\t\t\t\t\t\t<li class=\"elementor-icon-list-item\">\n\t\t\t\t\t\t\t\t\t\t\t<a href=\"https:\/\/synergieexperts.com\/en\/procedures-casablanca\/\">\n\n\t\t\t\t\t\t\t\t\t\t\t<span class=\"elementor-icon-list-text\">Contr\u00f4le interne \/ Proc\u00e9dures<\/span>\n\t\t\t\t\t\t\t\t\t\t\t<\/a>\n\t\t\t\t\t\t\t\t\t<\/li>\n\t\t\t\t\t\t<\/ul>\n\t\t\t\t<\/div>\n\t\t\t\t<\/div>\n\t\t\t\t\t<\/div>\n\t\t<\/div>\n\t\t\t\t<div class=\"elementor-column elementor-col-50 elementor-top-column elementor-element elementor-element-11c18d3\" data-id=\"11c18d3\" data-element_type=\"column\">\n\t\t\t<div class=\"elementor-widget-wrap elementor-element-populated\">\n\t\t\t\t\t\t\t\t<div class=\"elementor-element elementor-element-bfa4f58 elementor-widget elementor-widget-text-editor\" data-id=\"bfa4f58\" data-element_type=\"widget\" data-widget_type=\"text-editor.default\">\n\t\t\t\t<div class=\"elementor-widget-container\">\n\t\t\t<style>\/*! elementor - v3.6.5 - 27-04-2022 *\/\n.elementor-widget-text-editor.elementor-drop-cap-view-stacked .elementor-drop-cap{background-color:#818a91;color:#fff}.elementor-widget-text-editor.elementor-drop-cap-view-framed .elementor-drop-cap{color:#818a91;border:3px solid;background-color:transparent}.elementor-widget-text-editor:not(.elementor-drop-cap-view-default) .elementor-drop-cap{margin-top:8px}.elementor-widget-text-editor:not(.elementor-drop-cap-view-default) .elementor-drop-cap-letter{width:1em;height:1em}.elementor-widget-text-editor .elementor-drop-cap{float:left;text-align:center;line-height:1;font-size:50px}.elementor-widget-text-editor .elementor-drop-cap-letter{display:inline-block}<\/style>\t\t\t\t<h3><span style=\"color: #585657;\">Due diligence<\/span><\/h3>\nWhen a person wishes to acquire a company or shares in it, they must ensure that the accounts on which the evaluation and then the price are based are sincere. In this context, we adopt specific audit procedures focused in particular on the risk of overvaluation of the target. We can then review the valuation assumptions used by the seller.\n<h3><span style=\"color: #585657;\">Company valuation<\/span><\/h3>\nAs part of various requests, we are required to carry out valuation of companies in Casablanca or in Morocco. The value given to a company cannot be approximated solely on the basis of annual accounts. Several elements must be taken into consideration: goodwill, clientele, object of the evaluation, age of the company, sector of activity, level of maturity, future profitable capacity, etc. By taking into consideration all of these elements, we determine the appropriate valuation methods and apply them to provide you with an average value and explanations of the methods used.\t\t\t\t\t\t<\/div>\n\t\t\t\t<\/div>\n\t\t\t\t<section class=\"elementor-section elementor-inner-section elementor-element elementor-element-4c74254 elementor-section-boxed elementor-section-height-default elementor-section-height-default\" data-id=\"4c74254\" data-element_type=\"section\">\n\t\t\t\t\t\t<div class=\"elementor-container elementor-column-gap-default\">\n\t\t\t\t\t<div class=\"elementor-column elementor-col-50 elementor-inner-column elementor-element elementor-element-7252e65\" data-id=\"7252e65\" data-element_type=\"column\">\n\t\t\t<div class=\"elementor-widget-wrap elementor-element-populated\">\n\t\t\t\t\t\t\t\t<div class=\"elementor-element elementor-element-96e2495 elementor-widget elementor-widget-text-editor\" data-id=\"96e2495\" data-element_type=\"widget\" data-widget_type=\"text-editor.default\">\n\t\t\t\t<div class=\"elementor-widget-container\">\n\t\t\t\t\t\t\t<h3><span style=\"color: #585657;\">Establishment of a Business Plan<\/span><\/h3><p>The Business Plan is a document presenting your strategic and financial vision for the coming years. His goal is\u2026<\/p><p style=\"text-align: right !important;\"><span style=\"text-decoration: underline;\"><strong><a href=\"https:\/\/synergieexperts.com\/en\/business-plan-casablanca\">Read more<\/a><\/strong><\/span><\/p>\t\t\t\t\t\t<\/div>\n\t\t\t\t<\/div>\n\t\t\t\t<div class=\"elementor-element elementor-element-5ef3944 elementor-widget elementor-widget-image\" data-id=\"5ef3944\" data-element_type=\"widget\" data-widget_type=\"image.default\">\n\t\t\t\t<div class=\"elementor-widget-container\">\n\t\t\t<style>\/*! elementor - v3.6.5 - 27-04-2022 *\/\n.elementor-widget-image{text-align:center}.elementor-widget-image a{display:inline-block}.elementor-widget-image a img[src$=\".svg\"]{width:48px}.elementor-widget-image img{vertical-align:middle;display:inline-block}<\/style>\t\t\t\t\t\t\t\t\t\t\t\t<img loading=\"lazy\" decoding=\"async\" width=\"700\" height=\"467\" src=\"https:\/\/synergieexperts.com\/en\/wp-content\/uploads\/2022\/09\/Sans-titre-2022-09-19T100749.172.png\" class=\"attachment-large size-large\" alt=\"Sans titre 2022 09 19T100749.172\" srcset=\"https:\/\/synergieexperts.com\/en\/wp-content\/uploads\/2022\/09\/Sans-titre-2022-09-19T100749.172.png 700w, https:\/\/synergieexperts.com\/en\/wp-content\/uploads\/2022\/09\/Sans-titre-2022-09-19T100749.172-300x200.png 300w, https:\/\/synergieexperts.com\/en\/wp-content\/uploads\/2022\/09\/Sans-titre-2022-09-19T100749.172-370x247.png 370w\" sizes=\"auto, (max-width: 700px) 100vw, 700px\" \/>\t\t\t\t\t\t\t\t\t\t\t\t\t\t\t<\/div>\n\t\t\t\t<\/div>\n\t\t\t\t\t<\/div>\n\t\t<\/div>\n\t\t\t\t<div class=\"elementor-column elementor-col-50 elementor-inner-column elementor-element elementor-element-4e763f7\" data-id=\"4e763f7\" data-element_type=\"column\">\n\t\t\t<div class=\"elementor-widget-wrap elementor-element-populated\">\n\t\t\t\t\t\t\t\t<div class=\"elementor-element elementor-element-ef11caf elementor-widget elementor-widget-text-editor\" data-id=\"ef11caf\" data-element_type=\"widget\" data-widget_type=\"text-editor.default\">\n\t\t\t\t<div class=\"elementor-widget-container\">\n\t\t\t\t\t\t\t<h3><span style=\"color: #585657;\">Search for investors<\/span><\/h3><p>Thanks to our network of financial partners, we can put you in touch with potential investors for your development projects whatever they may be. These may be financial institutions, investment funds, government organizations, professionals in your sector, etc.)<\/p><h3><span style=\"color: #585657;\">Vendor Due Diligence<\/span><\/h3><p>The mission of \u201cVendor Due Diligences\u201d consists of supporting a company wishing to open its capital to investors or sell all of its shares. Our firm is responsible for producing a financial report on the company&#8217;s accounts for future investors with the aim of making their work easier if they decide to start negotiations.<\/p>\t\t\t\t\t\t<\/div>\n\t\t\t\t<\/div>\n\t\t\t\t\t<\/div>\n\t\t<\/div>\n\t\t\t\t\t\t\t<\/div>\n\t\t<\/section>\n\t\t\t\t\t<\/div>\n\t\t<\/div>\n\t\t\t\t\t\t\t<\/div>\n\t\t<\/section>\n\t\t\t\t\t\t\t<\/div>\n\t\t","protected":false},"excerpt":{"rendered":"<p>TRANSACTIONS \/ EVALUATION OUR SERVICES Accounting Company set up Statutory change External auditor Transactions \/ \u00e9valuation Contr\u00f4le interne \/ Proc\u00e9dures Due diligence When a person wishes to acquire a company or shares in it, they must ensure that the accounts on which the evaluation and then the price are based are [&hellip;]<\/p>\n","protected":false},"author":1,"featured_media":0,"parent":0,"menu_order":0,"comment_status":"closed","ping_status":"closed","template":"elementor_header_footer","meta":{"footnotes":""},"class_list":["post-2131","page","type-page","status-publish","hentry"],"yoast_head":"<!-- This site is optimized with the Yoast SEO plugin v20.4 - https:\/\/yoast.com\/wordpress\/plugins\/seo\/ -->\n<title>Transactions \u00e9valuation d&#039;entreprise | Synergieexperts.com<\/title>\n<meta name=\"description\" content=\"Le cabinet Synergie Experts est habilit\u00e9 \u00e0 r\u00e9aliser l\u2019ensemble des formalit\u00e9s juridiques des soci\u00e9t\u00e9s commerciales .\" \/>\n<meta name=\"robots\" content=\"index, follow, max-snippet:-1, max-image-preview:large, max-video-preview:-1\" \/>\n<link rel=\"canonical\" href=\"https:\/\/synergieexperts.com\/en\/transactions-evaluation-casablanca\/\" \/>\n<meta property=\"og:locale\" content=\"en_GB\" \/>\n<meta property=\"og:type\" content=\"article\" \/>\n<meta property=\"og:title\" content=\"Transactions \u00e9valuation d&#039;entreprise | Synergieexperts.com\" \/>\n<meta property=\"og:description\" content=\"Le cabinet Synergie Experts est habilit\u00e9 \u00e0 r\u00e9aliser l\u2019ensemble des formalit\u00e9s juridiques des soci\u00e9t\u00e9s commerciales .\" \/>\n<meta property=\"og:url\" content=\"https:\/\/synergieexperts.com\/en\/transactions-evaluation-casablanca\/\" \/>\n<meta property=\"og:site_name\" content=\"Synergie\" \/>\n<meta property=\"article:modified_time\" content=\"2023-11-21T09:56:20+00:00\" \/>\n<meta property=\"og:image\" content=\"https:\/\/synergieexperts.com\/en\/wp-content\/uploads\/2022\/09\/Sans-titre-2022-09-19T100749.172.png\" \/>\n<meta name=\"twitter:card\" content=\"summary_large_image\" \/>\n<meta name=\"twitter:label1\" content=\"Estimated reading time\" \/>\n\t<meta name=\"twitter:data1\" content=\"2 minutes\" \/>\n<script type=\"application\/ld+json\" class=\"yoast-schema-graph\">{\"@context\":\"https:\/\/schema.org\",\"@graph\":[{\"@type\":\"WebPage\",\"@id\":\"https:\/\/synergieexperts.com\/en\/transactions-evaluation-casablanca\/\",\"url\":\"https:\/\/synergieexperts.com\/en\/transactions-evaluation-casablanca\/\",\"name\":\"Transactions \u00e9valuation d'entreprise | Synergieexperts.com\",\"isPartOf\":{\"@id\":\"https:\/\/synergieexperts.com\/en\/#website\"},\"datePublished\":\"2020-11-07T09:30:49+00:00\",\"dateModified\":\"2023-11-21T09:56:20+00:00\",\"description\":\"Le cabinet Synergie Experts est habilit\u00e9 \u00e0 r\u00e9aliser l\u2019ensemble des formalit\u00e9s juridiques des soci\u00e9t\u00e9s commerciales .\",\"breadcrumb\":{\"@id\":\"https:\/\/synergieexperts.com\/en\/transactions-evaluation-casablanca\/#breadcrumb\"},\"inLanguage\":\"en-GB\",\"potentialAction\":[{\"@type\":\"ReadAction\",\"target\":[\"https:\/\/synergieexperts.com\/en\/transactions-evaluation-casablanca\/\"]}]},{\"@type\":\"BreadcrumbList\",\"@id\":\"https:\/\/synergieexperts.com\/en\/transactions-evaluation-casablanca\/#breadcrumb\",\"itemListElement\":[{\"@type\":\"ListItem\",\"position\":1,\"name\":\"Accueil\",\"item\":\"https:\/\/synergieexperts.com\/en\/\"},{\"@type\":\"ListItem\",\"position\":2,\"name\":\"TRANSACTIONS \/ EVALUATION\"}]},{\"@type\":\"WebSite\",\"@id\":\"https:\/\/synergieexperts.com\/en\/#website\",\"url\":\"https:\/\/synergieexperts.com\/en\/\",\"name\":\"Synergie\",\"description\":\"Synergie expert\",\"potentialAction\":[{\"@type\":\"SearchAction\",\"target\":{\"@type\":\"EntryPoint\",\"urlTemplate\":\"https:\/\/synergieexperts.com\/en\/?s={search_term_string}\"},\"query-input\":\"required name=search_term_string\"}],\"inLanguage\":\"en-GB\"}]}<\/script>\n<!-- \/ Yoast SEO plugin. -->","yoast_head_json":{"title":"Transactions \u00e9valuation d'entreprise | Synergieexperts.com","description":"Le cabinet Synergie Experts est habilit\u00e9 \u00e0 r\u00e9aliser l\u2019ensemble des formalit\u00e9s juridiques des soci\u00e9t\u00e9s commerciales .","robots":{"index":"index","follow":"follow","max-snippet":"max-snippet:-1","max-image-preview":"max-image-preview:large","max-video-preview":"max-video-preview:-1"},"canonical":"https:\/\/synergieexperts.com\/en\/transactions-evaluation-casablanca\/","og_locale":"en_GB","og_type":"article","og_title":"Transactions \u00e9valuation d'entreprise | Synergieexperts.com","og_description":"Le cabinet Synergie Experts est habilit\u00e9 \u00e0 r\u00e9aliser l\u2019ensemble des formalit\u00e9s juridiques des soci\u00e9t\u00e9s commerciales .","og_url":"https:\/\/synergieexperts.com\/en\/transactions-evaluation-casablanca\/","og_site_name":"Synergie","article_modified_time":"2023-11-21T09:56:20+00:00","og_image":[{"url":"https:\/\/synergieexperts.com\/en\/wp-content\/uploads\/2022\/09\/Sans-titre-2022-09-19T100749.172.png"}],"twitter_card":"summary_large_image","twitter_misc":{"Estimated reading time":"2 minutes"},"schema":{"@context":"https:\/\/schema.org","@graph":[{"@type":"WebPage","@id":"https:\/\/synergieexperts.com\/en\/transactions-evaluation-casablanca\/","url":"https:\/\/synergieexperts.com\/en\/transactions-evaluation-casablanca\/","name":"Transactions \u00e9valuation d'entreprise | Synergieexperts.com","isPartOf":{"@id":"https:\/\/synergieexperts.com\/en\/#website"},"datePublished":"2020-11-07T09:30:49+00:00","dateModified":"2023-11-21T09:56:20+00:00","description":"Le cabinet Synergie Experts est habilit\u00e9 \u00e0 r\u00e9aliser l\u2019ensemble des formalit\u00e9s juridiques des soci\u00e9t\u00e9s commerciales .","breadcrumb":{"@id":"https:\/\/synergieexperts.com\/en\/transactions-evaluation-casablanca\/#breadcrumb"},"inLanguage":"en-GB","potentialAction":[{"@type":"ReadAction","target":["https:\/\/synergieexperts.com\/en\/transactions-evaluation-casablanca\/"]}]},{"@type":"BreadcrumbList","@id":"https:\/\/synergieexperts.com\/en\/transactions-evaluation-casablanca\/#breadcrumb","itemListElement":[{"@type":"ListItem","position":1,"name":"Accueil","item":"https:\/\/synergieexperts.com\/en\/"},{"@type":"ListItem","position":2,"name":"TRANSACTIONS \/ EVALUATION"}]},{"@type":"WebSite","@id":"https:\/\/synergieexperts.com\/en\/#website","url":"https:\/\/synergieexperts.com\/en\/","name":"Synergie","description":"Synergie expert","potentialAction":[{"@type":"SearchAction","target":{"@type":"EntryPoint","urlTemplate":"https:\/\/synergieexperts.com\/en\/?s={search_term_string}"},"query-input":"required name=search_term_string"}],"inLanguage":"en-GB"}]}},"_links":{"self":[{"href":"https:\/\/synergieexperts.com\/en\/wp-json\/wp\/v2\/pages\/2131","targetHints":{"allow":["GET"]}}],"collection":[{"href":"https:\/\/synergieexperts.com\/en\/wp-json\/wp\/v2\/pages"}],"about":[{"href":"https:\/\/synergieexperts.com\/en\/wp-json\/wp\/v2\/types\/page"}],"author":[{"embeddable":true,"href":"https:\/\/synergieexperts.com\/en\/wp-json\/wp\/v2\/users\/1"}],"replies":[{"embeddable":true,"href":"https:\/\/synergieexperts.com\/en\/wp-json\/wp\/v2\/comments?post=2131"}],"version-history":[{"count":3,"href":"https:\/\/synergieexperts.com\/en\/wp-json\/wp\/v2\/pages\/2131\/revisions"}],"predecessor-version":[{"id":3481,"href":"https:\/\/synergieexperts.com\/en\/wp-json\/wp\/v2\/pages\/2131\/revisions\/3481"}],"wp:attachment":[{"href":"https:\/\/synergieexperts.com\/en\/wp-json\/wp\/v2\/media?parent=2131"}],"curies":[{"name":"wp","href":"https:\/\/api.w.org\/{rel}","templated":true}]}}