{"id":1920,"date":"2020-11-07T09:30:49","date_gmt":"2020-11-07T09:30:49","guid":{"rendered":"https:\/\/synergieexperts.com\/en\/service-1-3\/"},"modified":"2023-05-11T11:58:34","modified_gmt":"2023-05-11T11:58:34","slug":"conseil-a-casablanca","status":"publish","type":"page","link":"https:\/\/synergieexperts.com\/en\/conseil-a-casablanca\/","title":{"rendered":"Conseil"},"content":{"rendered":"\t\t<div data-elementor-type=\"wp-page\" data-elementor-id=\"1920\" class=\"elementor elementor-1920\">\n\t\t\t\t\t\t\t\t\t<section class=\"elementor-section elementor-top-section elementor-element elementor-element-6c4b2aa elementor-section-boxed elementor-section-height-default elementor-section-height-default\" data-id=\"6c4b2aa\" data-element_type=\"section\">\n\t\t\t\t\t\t<div class=\"elementor-container elementor-column-gap-default\">\n\t\t\t\t\t<div class=\"elementor-column elementor-col-100 elementor-top-column elementor-element elementor-element-f6840c5\" data-id=\"f6840c5\" data-element_type=\"column\">\n\t\t\t<div class=\"elementor-widget-wrap elementor-element-populated\">\n\t\t\t\t\t\t\t\t<div class=\"elementor-element elementor-element-14fd791 elementor-widget elementor-widget-heading\" data-id=\"14fd791\" data-element_type=\"widget\" data-widget_type=\"heading.default\">\n\t\t\t\t<div class=\"elementor-widget-container\">\n\t\t\t<style>\/*! elementor - v3.6.5 - 27-04-2022 *\/\n.elementor-heading-title{padding:0;margin:0;line-height:1}.elementor-widget-heading .elementor-heading-title[class*=elementor-size-]>a{color:inherit;font-size:inherit;line-height:inherit}.elementor-widget-heading .elementor-heading-title.elementor-size-small{font-size:15px}.elementor-widget-heading .elementor-heading-title.elementor-size-medium{font-size:19px}.elementor-widget-heading .elementor-heading-title.elementor-size-large{font-size:29px}.elementor-widget-heading .elementor-heading-title.elementor-size-xl{font-size:39px}.elementor-widget-heading .elementor-heading-title.elementor-size-xxl{font-size:59px}<\/style><h1 class=\"elementor-heading-title elementor-size-default\">Conseil<\/h1>\t\t<\/div>\n\t\t\t\t<\/div>\n\t\t\t\t\t<\/div>\n\t\t<\/div>\n\t\t\t\t\t\t\t<\/div>\n\t\t<\/section>\n\t\t\t\t<section class=\"elementor-section elementor-top-section elementor-element elementor-element-c068d34 elementor-section-boxed elementor-section-height-default elementor-section-height-default\" data-id=\"c068d34\" data-element_type=\"section\">\n\t\t\t\t\t\t<div class=\"elementor-container elementor-column-gap-default\">\n\t\t\t\t\t<div class=\"elementor-column elementor-col-50 elementor-top-column elementor-element elementor-element-32383f0\" data-id=\"32383f0\" data-element_type=\"column\">\n\t\t\t<div class=\"elementor-widget-wrap elementor-element-populated\">\n\t\t\t\t\t\t\t\t<div class=\"elementor-element elementor-element-832a690 elementor-widget elementor-widget-heading\" data-id=\"832a690\" data-element_type=\"widget\" data-widget_type=\"heading.default\">\n\t\t\t\t<div class=\"elementor-widget-container\">\n\t\t\t<h2 class=\"elementor-heading-title elementor-size-default\">Nos m\u00e9tiers<\/h2>\t\t<\/div>\n\t\t\t\t<\/div>\n\t\t\t\t<div class=\"elementor-element elementor-element-2b6ecb5 elementor-widget__width-initial elementor-widget-tablet__width-inherit elementor-icon-list--layout-traditional elementor-list-item-link-full_width elementor-widget elementor-widget-icon-list\" data-id=\"2b6ecb5\" data-element_type=\"widget\" data-widget_type=\"icon-list.default\">\n\t\t\t\t<div class=\"elementor-widget-container\">\n\t\t\t<link rel=\"stylesheet\" href=\"https:\/\/synergieexperts.com\/en\/wp-content\/plugins\/elementor\/assets\/css\/widget-icon-list.min.css\">\t\t<ul class=\"elementor-icon-list-items\">\n\t\t\t\t\t\t\t<li class=\"elementor-icon-list-item\">\n\t\t\t\t\t\t\t\t\t\t\t<a href=\"https:\/\/lab-seo.net\/Test\/expertise-comptable\/\">\n\n\t\t\t\t\t\t\t\t\t\t\t<span class=\"elementor-icon-list-text\">Expertise Comptable<\/span>\n\t\t\t\t\t\t\t\t\t\t\t<\/a>\n\t\t\t\t\t\t\t\t\t<\/li>\n\t\t\t\t\t\t<\/ul>\n\t\t\t\t<\/div>\n\t\t\t\t<\/div>\n\t\t\t\t<div class=\"elementor-element elementor-element-94c7b29 elementor-widget__width-initial elementor-widget-tablet__width-inherit elementor-icon-list--layout-traditional elementor-list-item-link-full_width elementor-widget elementor-widget-icon-list\" data-id=\"94c7b29\" data-element_type=\"widget\" data-widget_type=\"icon-list.default\">\n\t\t\t\t<div class=\"elementor-widget-container\">\n\t\t\t\t\t<ul class=\"elementor-icon-list-items\">\n\t\t\t\t\t\t\t<li class=\"elementor-icon-list-item\">\n\t\t\t\t\t\t\t\t\t\t\t<a href=\"https:\/\/synergieexperts.com\/en\/creation-de-societes\/\">\n\n\t\t\t\t\t\t\t\t\t\t\t<span class=\"elementor-icon-list-text\">Creation de societe<\/span>\n\t\t\t\t\t\t\t\t\t\t\t<\/a>\n\t\t\t\t\t\t\t\t\t<\/li>\n\t\t\t\t\t\t<\/ul>\n\t\t\t\t<\/div>\n\t\t\t\t<\/div>\n\t\t\t\t<div class=\"elementor-element elementor-element-47313bf elementor-widget__width-initial elementor-widget-tablet__width-inherit elementor-icon-list--layout-traditional elementor-list-item-link-full_width elementor-widget elementor-widget-icon-list\" data-id=\"47313bf\" data-element_type=\"widget\" data-widget_type=\"icon-list.default\">\n\t\t\t\t<div class=\"elementor-widget-container\">\n\t\t\t\t\t<ul class=\"elementor-icon-list-items\">\n\t\t\t\t\t\t\t<li class=\"elementor-icon-list-item\">\n\t\t\t\t\t\t\t\t\t\t\t<a href=\"https:\/\/synergieexperts.com\/en\/modification-statutaire\/\">\n\n\t\t\t\t\t\t\t\t\t\t\t<span class=\"elementor-icon-list-text\">Modification statutaire<\/span>\n\t\t\t\t\t\t\t\t\t\t\t<\/a>\n\t\t\t\t\t\t\t\t\t<\/li>\n\t\t\t\t\t\t<\/ul>\n\t\t\t\t<\/div>\n\t\t\t\t<\/div>\n\t\t\t\t<div class=\"elementor-element elementor-element-c626fc7 elementor-widget__width-initial elementor-widget-tablet__width-inherit elementor-icon-list--layout-traditional elementor-list-item-link-full_width elementor-widget elementor-widget-icon-list\" data-id=\"c626fc7\" data-element_type=\"widget\" data-widget_type=\"icon-list.default\">\n\t\t\t\t<div class=\"elementor-widget-container\">\n\t\t\t\t\t<ul class=\"elementor-icon-list-items\">\n\t\t\t\t\t\t\t<li class=\"elementor-icon-list-item\">\n\t\t\t\t\t\t\t\t\t\t\t<a href=\"https:\/\/lab-seo.net\/Test\/commissariat-aux-comptes\/\">\n\n\t\t\t\t\t\t\t\t\t\t\t<span class=\"elementor-icon-list-text\">Commissariat Aux Comptes<\/span>\n\t\t\t\t\t\t\t\t\t\t\t<\/a>\n\t\t\t\t\t\t\t\t\t<\/li>\n\t\t\t\t\t\t<\/ul>\n\t\t\t\t<\/div>\n\t\t\t\t<\/div>\n\t\t\t\t<div class=\"elementor-element elementor-element-3172b7c elementor-widget__width-initial elementor-widget-tablet__width-inherit elementor-icon-list--layout-traditional elementor-list-item-link-full_width elementor-widget elementor-widget-icon-list\" data-id=\"3172b7c\" data-element_type=\"widget\" data-widget_type=\"icon-list.default\">\n\t\t\t\t<div class=\"elementor-widget-container\">\n\t\t\t\t\t<ul class=\"elementor-icon-list-items\">\n\t\t\t\t\t\t\t<li class=\"elementor-icon-list-item\">\n\t\t\t\t\t\t\t\t\t\t\t<a href=\"https:\/\/synergieexperts.com\/en\/transactions-evaluation\/\">\n\n\t\t\t\t\t\t\t\t\t\t\t<span class=\"elementor-icon-list-text\">Transactions \/ evaluation<\/span>\n\t\t\t\t\t\t\t\t\t\t\t<\/a>\n\t\t\t\t\t\t\t\t\t<\/li>\n\t\t\t\t\t\t<\/ul>\n\t\t\t\t<\/div>\n\t\t\t\t<\/div>\n\t\t\t\t<div class=\"elementor-element elementor-element-e9c2d78 elementor-widget__width-initial elementor-widget-tablet__width-inherit elementor-icon-list--layout-traditional elementor-list-item-link-full_width elementor-widget elementor-widget-icon-list\" data-id=\"e9c2d78\" data-element_type=\"widget\" data-widget_type=\"icon-list.default\">\n\t\t\t\t<div class=\"elementor-widget-container\">\n\t\t\t\t\t<ul class=\"elementor-icon-list-items\">\n\t\t\t\t\t\t\t<li class=\"elementor-icon-list-item\">\n\t\t\t\t\t\t\t\t\t\t\t<a href=\"https:\/\/lab-seo.net\/Test\/controle-interne\/\">\n\n\t\t\t\t\t\t\t\t\t\t\t<span class=\"elementor-icon-list-text\">Contr\u00f4le Interne<\/span>\n\t\t\t\t\t\t\t\t\t\t\t<\/a>\n\t\t\t\t\t\t\t\t\t<\/li>\n\t\t\t\t\t\t<\/ul>\n\t\t\t\t<\/div>\n\t\t\t\t<\/div>\n\t\t\t\t\t<\/div>\n\t\t<\/div>\n\t\t\t\t<div class=\"elementor-column elementor-col-50 elementor-top-column elementor-element elementor-element-11c18d3\" data-id=\"11c18d3\" data-element_type=\"column\">\n\t\t\t<div class=\"elementor-widget-wrap elementor-element-populated\">\n\t\t\t\t\t\t\t\t<section class=\"elementor-section elementor-inner-section elementor-element elementor-element-4c74254 elementor-section-boxed elementor-section-height-default elementor-section-height-default\" data-id=\"4c74254\" data-element_type=\"section\">\n\t\t\t\t\t\t<div class=\"elementor-container elementor-column-gap-default\">\n\t\t\t\t\t<div class=\"elementor-column elementor-col-50 elementor-inner-column elementor-element elementor-element-7252e65\" data-id=\"7252e65\" data-element_type=\"column\">\n\t\t\t<div class=\"elementor-widget-wrap elementor-element-populated\">\n\t\t\t\t\t\t\t\t<div class=\"elementor-element elementor-element-4ac8eee elementor-widget elementor-widget-heading\" data-id=\"4ac8eee\" data-element_type=\"widget\" data-widget_type=\"heading.default\">\n\t\t\t\t<div class=\"elementor-widget-container\">\n\t\t\t<h1 class=\"elementor-heading-title elementor-size-default\">Conseil juridique, fiscal et social<\/h1>\t\t<\/div>\n\t\t\t\t<\/div>\n\t\t\t\t<div class=\"elementor-element elementor-element-9a99614 elementor-widget elementor-widget-heading\" data-id=\"9a99614\" data-element_type=\"widget\" data-widget_type=\"heading.default\">\n\t\t\t\t<div class=\"elementor-widget-container\">\n\t\t\t<p class=\"elementor-heading-title elementor-size-default\">Gr\u00e2ce \u00e0 des \u00e9quipes qualifi\u00e9es et \u00e0 un r\u00e9seau pluridisciplinaire auquel notre cabinet appartient, nous vous prodiguons les conseils n\u00e9cessaires dans les domaines fiscaux, sociaux et juridiques.\nCes conseils sont compris dans la prestation de tenue comptable ou peuvent faire l\u2019objet de prestations ponctuelles.<\/p>\t\t<\/div>\n\t\t\t\t<\/div>\n\t\t\t\t<div class=\"elementor-element elementor-element-cae5e43 elementor-widget elementor-widget-heading\" data-id=\"cae5e43\" data-element_type=\"widget\" data-widget_type=\"heading.default\">\n\t\t\t\t<div class=\"elementor-widget-container\">\n\t\t\t<h2 class=\"elementor-heading-title elementor-size-default\">Conduite du changement<\/h2>\t\t<\/div>\n\t\t\t\t<\/div>\n\t\t\t\t<div class=\"elementor-element elementor-element-006a78a elementor-widget elementor-widget-heading\" data-id=\"006a78a\" data-element_type=\"widget\" data-widget_type=\"heading.default\">\n\t\t\t\t<div class=\"elementor-widget-container\">\n\t\t\t<p class=\"elementor-heading-title elementor-size-default\">Dans le cadre de vos diverses op\u00e9rations de restructuration (changement de syst\u00e8me informatique, d\u2019organisation comptable, de proc\u00e9dures de contr\u00f4le interne\u2026) nous vous proposons une m\u00e9thodologie ad\u00e9quate pour que l\u2019op\u00e9ration se r\u00e9alise dans de bonnes conditions. Selon votre besoin, nous intervenons dans le contr\u00f4le de la correcte mise en place de la nouvelle organisation et\/ou de sa correcte application.\n<\/p>\t\t<\/div>\n\t\t\t\t<\/div>\n\t\t\t\t<div class=\"elementor-element elementor-element-d802542 elementor-widget elementor-widget-heading\" data-id=\"d802542\" data-element_type=\"widget\" data-widget_type=\"heading.default\">\n\t\t\t\t<div class=\"elementor-widget-container\">\n\t\t\t<h2 class=\"elementor-heading-title elementor-size-default\">Assistance \u00e0 la justification de comptes<\/h2>\t\t<\/div>\n\t\t\t\t<\/div>\n\t\t\t\t<div class=\"elementor-element elementor-element-2e7c13e elementor-widget elementor-widget-heading\" data-id=\"2e7c13e\" data-element_type=\"widget\" data-widget_type=\"heading.default\">\n\t\t\t\t<div class=\"elementor-widget-container\">\n\t\t\t<p class=\"elementor-heading-title elementor-size-default\">Notre exp\u00e9rience aupr\u00e8s de diff\u00e9rents clients nous a permis de d\u00e9velopper des m\u00e9thodes nous permettant d\u2019analyser et justifier des comptes.\nCertaines soci\u00e9t\u00e9s victimes de leur succ\u00e8s, n\u2019ont pas \u00e9t\u00e9 en mesure de faire un suivi ad\u00e9quat de leur comptabilit\u00e9. Nous les assistons donc \u00e0 reconstituer leur comptabilit\u00e9.<\/p>\t\t<\/div>\n\t\t\t\t<\/div>\n\t\t\t\t\t<\/div>\n\t\t<\/div>\n\t\t\t\t<div class=\"elementor-column elementor-col-50 elementor-inner-column elementor-element elementor-element-4e763f7\" data-id=\"4e763f7\" data-element_type=\"column\">\n\t\t\t<div class=\"elementor-widget-wrap elementor-element-populated\">\n\t\t\t\t\t\t\t\t<div class=\"elementor-element elementor-element-f47de92 elementor-widget elementor-widget-tfcarousel\" data-id=\"f47de92\" data-element_type=\"widget\" data-widget_type=\"tfcarousel.default\">\n\t\t\t\t<div class=\"elementor-widget-container\">\n\t\t\t\t\t<div class=\"tf-carousel-box has-arrow no-bullets\" data-loop=\"yes\" data-auto=\"\" data-column=\"1\" data-column2=\"1\" data-column3=\"1\" data-spacer=\"\" data-prev_icon=\"fa fa-chevron-left\" data-next_icon=\"fa fa-chevron-right\" data-rtl=\"no\">\n\t\t\t<div class=\"owl-carousel owl-theme\">\n\t\t\t\t\t\t\t\t\t\t\t\t<div class=\"item\"><img decoding=\"async\" src=\"https:\/\/synergieexperts.com\/en\/wp-content\/uploads\/2022\/09\/Sans-titre-2022-09-19T101343.801.png\" alt=\"image\"><\/div>\n\t\t\t\t\t\t\t\t\t\t\t\t\t\t\t\t<div class=\"item\"><img decoding=\"async\" src=\"https:\/\/synergieexperts.com\/en\/wp-content\/uploads\/2020\/11\/i90143-.webp\" alt=\"image\"><\/div>\n\t\t\t\t\t\t\t\t\t\t<\/div>\n\t\t<\/div>\n\t\t\t\t<\/div>\n\t\t\t\t<\/div>\n\t\t\t\t<div class=\"elementor-element elementor-element-8bc0186 elementor-widget elementor-widget-heading\" data-id=\"8bc0186\" data-element_type=\"widget\" data-widget_type=\"heading.default\">\n\t\t\t\t<div class=\"elementor-widget-container\">\n\t\t\t<h2 class=\"elementor-heading-title elementor-size-default\">Mise en place de proc\u00e9dures de contr\u00f4le interne<\/h2>\t\t<\/div>\n\t\t\t\t<\/div>\n\t\t\t\t<div class=\"elementor-element elementor-element-1f3a06c elementor-widget elementor-widget-heading\" data-id=\"1f3a06c\" data-element_type=\"widget\" data-widget_type=\"heading.default\">\n\t\t\t\t<div class=\"elementor-widget-container\">\n\t\t\t<p class=\"elementor-heading-title elementor-size-default\">Les proc\u00e9dures de contr\u00f4le interne ont pour objectif principal de s\u00e9curiser les actifs et biens de l\u2019entreprise et de permettre une application efficace des d\u00e9cisions de gestion.\n\nA partir d\u2019une certaine taille, une entreprise doit disposer de telles proc\u00e9dures.\n\nGrace \u00e0 un diagnostic de la structure existante, nous \u00e9tablissons des recommandations et \u00e9laborons des proc\u00e9dures cibles. En collaboration avec la direction et l\u2019ensemble des membres concern\u00e9s nous mettons en place les proc\u00e9dures s\u00e9lectionn\u00e9es et nous assurons de leur correct respect par les intervenants au sein de la soci\u00e9t\u00e9.<\/p>\t\t<\/div>\n\t\t\t\t<\/div>\n\t\t\t\t\t<\/div>\n\t\t<\/div>\n\t\t\t\t\t\t\t<\/div>\n\t\t<\/section>\n\t\t\t\t\t<\/div>\n\t\t<\/div>\n\t\t\t\t\t\t\t<\/div>\n\t\t<\/section>\n\t\t\t\t\t\t\t<\/div>\n\t\t","protected":false},"excerpt":{"rendered":"<p>Conseil Nos m\u00e9tiers Expertise Comptable Creation de societe Modification statutaire Commissariat Aux Comptes Transactions \/ evaluation Contr\u00f4le Interne Conseil juridique, fiscal et social Gr\u00e2ce \u00e0 des \u00e9quipes qualifi\u00e9es et \u00e0 un r\u00e9seau pluridisciplinaire auquel notre cabinet appartient, nous vous prodiguons les conseils n\u00e9cessaires dans les domaines fiscaux, sociaux et juridiques. Ces [&hellip;]<\/p>\n","protected":false},"author":1,"featured_media":0,"parent":0,"menu_order":0,"comment_status":"closed","ping_status":"closed","template":"elementor_header_footer","meta":{"footnotes":""},"class_list":["post-1920","page","type-page","status-publish","hentry"],"yoast_head":"<!-- This site is optimized with the Yoast SEO plugin v20.4 - https:\/\/yoast.com\/wordpress\/plugins\/seo\/ -->\n<title>Conseil juridique fiscal \u00e0 Casablanca | Synergieexperts.com<\/title>\n<meta name=\"description\" content=\"Cabinet d&#039;expert comptable Casablanca au Maroc r\u00e9pondons \u00e0 tous les besoins de nos clients en mati\u00e8re fiscale avec une approche globale, pratique et efficace...\" \/>\n<meta name=\"robots\" content=\"index, follow, max-snippet:-1, max-image-preview:large, max-video-preview:-1\" \/>\n<link rel=\"canonical\" href=\"https:\/\/synergieexperts.com\/en\/conseil-a-casablanca\/\" \/>\n<meta property=\"og:locale\" content=\"en_GB\" \/>\n<meta property=\"og:type\" content=\"article\" \/>\n<meta property=\"og:title\" content=\"Conseil juridique fiscal \u00e0 Casablanca | Synergieexperts.com\" \/>\n<meta property=\"og:description\" content=\"Cabinet d&#039;expert comptable Casablanca au Maroc r\u00e9pondons \u00e0 tous les besoins de nos clients en mati\u00e8re fiscale avec une approche globale, pratique et efficace...\" \/>\n<meta property=\"og:url\" content=\"https:\/\/synergieexperts.com\/en\/conseil-a-casablanca\/\" \/>\n<meta property=\"og:site_name\" content=\"Synergie\" \/>\n<meta property=\"article:modified_time\" content=\"2023-05-11T11:58:34+00:00\" \/>\n<meta property=\"og:image\" content=\"https:\/\/synergieexperts.com\/en\/wp-content\/uploads\/2022\/09\/Sans-titre-2022-09-19T101343.801.png\" \/>\n<meta name=\"twitter:card\" content=\"summary_large_image\" \/>\n<meta name=\"twitter:label1\" content=\"Estimated reading time\" \/>\n\t<meta name=\"twitter:data1\" content=\"3 minutes\" \/>\n<script type=\"application\/ld+json\" class=\"yoast-schema-graph\">{\"@context\":\"https:\/\/schema.org\",\"@graph\":[{\"@type\":\"WebPage\",\"@id\":\"https:\/\/synergieexperts.com\/en\/conseil-a-casablanca\/\",\"url\":\"https:\/\/synergieexperts.com\/en\/conseil-a-casablanca\/\",\"name\":\"Conseil juridique fiscal \u00e0 Casablanca | Synergieexperts.com\",\"isPartOf\":{\"@id\":\"https:\/\/synergieexperts.com\/en\/#website\"},\"datePublished\":\"2020-11-07T09:30:49+00:00\",\"dateModified\":\"2023-05-11T11:58:34+00:00\",\"description\":\"Cabinet d'expert comptable Casablanca au Maroc r\u00e9pondons \u00e0 tous les besoins de nos clients en mati\u00e8re fiscale avec une approche globale, pratique et efficace...\",\"breadcrumb\":{\"@id\":\"https:\/\/synergieexperts.com\/en\/conseil-a-casablanca\/#breadcrumb\"},\"inLanguage\":\"en-GB\",\"potentialAction\":[{\"@type\":\"ReadAction\",\"target\":[\"https:\/\/synergieexperts.com\/en\/conseil-a-casablanca\/\"]}]},{\"@type\":\"BreadcrumbList\",\"@id\":\"https:\/\/synergieexperts.com\/en\/conseil-a-casablanca\/#breadcrumb\",\"itemListElement\":[{\"@type\":\"ListItem\",\"position\":1,\"name\":\"Accueil\",\"item\":\"https:\/\/synergieexperts.com\/en\/\"},{\"@type\":\"ListItem\",\"position\":2,\"name\":\"Conseil\"}]},{\"@type\":\"WebSite\",\"@id\":\"https:\/\/synergieexperts.com\/en\/#website\",\"url\":\"https:\/\/synergieexperts.com\/en\/\",\"name\":\"Synergie\",\"description\":\"Synergie expert\",\"potentialAction\":[{\"@type\":\"SearchAction\",\"target\":{\"@type\":\"EntryPoint\",\"urlTemplate\":\"https:\/\/synergieexperts.com\/en\/?s={search_term_string}\"},\"query-input\":\"required name=search_term_string\"}],\"inLanguage\":\"en-GB\"}]}<\/script>\n<!-- \/ Yoast SEO plugin. -->","yoast_head_json":{"title":"Conseil juridique fiscal \u00e0 Casablanca | Synergieexperts.com","description":"Cabinet d'expert comptable Casablanca au Maroc r\u00e9pondons \u00e0 tous les besoins de nos clients en mati\u00e8re fiscale avec une approche globale, pratique et efficace...","robots":{"index":"index","follow":"follow","max-snippet":"max-snippet:-1","max-image-preview":"max-image-preview:large","max-video-preview":"max-video-preview:-1"},"canonical":"https:\/\/synergieexperts.com\/en\/conseil-a-casablanca\/","og_locale":"en_GB","og_type":"article","og_title":"Conseil juridique fiscal \u00e0 Casablanca | Synergieexperts.com","og_description":"Cabinet d'expert comptable Casablanca au Maroc r\u00e9pondons \u00e0 tous les besoins de nos clients en mati\u00e8re fiscale avec une approche globale, pratique et efficace...","og_url":"https:\/\/synergieexperts.com\/en\/conseil-a-casablanca\/","og_site_name":"Synergie","article_modified_time":"2023-05-11T11:58:34+00:00","og_image":[{"url":"https:\/\/synergieexperts.com\/en\/wp-content\/uploads\/2022\/09\/Sans-titre-2022-09-19T101343.801.png"}],"twitter_card":"summary_large_image","twitter_misc":{"Estimated reading time":"3 minutes"},"schema":{"@context":"https:\/\/schema.org","@graph":[{"@type":"WebPage","@id":"https:\/\/synergieexperts.com\/en\/conseil-a-casablanca\/","url":"https:\/\/synergieexperts.com\/en\/conseil-a-casablanca\/","name":"Conseil juridique fiscal \u00e0 Casablanca | Synergieexperts.com","isPartOf":{"@id":"https:\/\/synergieexperts.com\/en\/#website"},"datePublished":"2020-11-07T09:30:49+00:00","dateModified":"2023-05-11T11:58:34+00:00","description":"Cabinet d'expert comptable Casablanca au Maroc r\u00e9pondons \u00e0 tous les besoins de nos clients en mati\u00e8re fiscale avec une approche globale, pratique et efficace...","breadcrumb":{"@id":"https:\/\/synergieexperts.com\/en\/conseil-a-casablanca\/#breadcrumb"},"inLanguage":"en-GB","potentialAction":[{"@type":"ReadAction","target":["https:\/\/synergieexperts.com\/en\/conseil-a-casablanca\/"]}]},{"@type":"BreadcrumbList","@id":"https:\/\/synergieexperts.com\/en\/conseil-a-casablanca\/#breadcrumb","itemListElement":[{"@type":"ListItem","position":1,"name":"Accueil","item":"https:\/\/synergieexperts.com\/en\/"},{"@type":"ListItem","position":2,"name":"Conseil"}]},{"@type":"WebSite","@id":"https:\/\/synergieexperts.com\/en\/#website","url":"https:\/\/synergieexperts.com\/en\/","name":"Synergie","description":"Synergie expert","potentialAction":[{"@type":"SearchAction","target":{"@type":"EntryPoint","urlTemplate":"https:\/\/synergieexperts.com\/en\/?s={search_term_string}"},"query-input":"required name=search_term_string"}],"inLanguage":"en-GB"}]}},"_links":{"self":[{"href":"https:\/\/synergieexperts.com\/en\/wp-json\/wp\/v2\/pages\/1920","targetHints":{"allow":["GET"]}}],"collection":[{"href":"https:\/\/synergieexperts.com\/en\/wp-json\/wp\/v2\/pages"}],"about":[{"href":"https:\/\/synergieexperts.com\/en\/wp-json\/wp\/v2\/types\/page"}],"author":[{"embeddable":true,"href":"https:\/\/synergieexperts.com\/en\/wp-json\/wp\/v2\/users\/1"}],"replies":[{"embeddable":true,"href":"https:\/\/synergieexperts.com\/en\/wp-json\/wp\/v2\/comments?post=1920"}],"version-history":[{"count":0,"href":"https:\/\/synergieexperts.com\/en\/wp-json\/wp\/v2\/pages\/1920\/revisions"}],"wp:attachment":[{"href":"https:\/\/synergieexperts.com\/en\/wp-json\/wp\/v2\/media?parent=1920"}],"curies":[{"name":"wp","href":"https:\/\/api.w.org\/{rel}","templated":true}]}}